{"id":990,"date":"2020-07-03T19:29:15","date_gmt":"2020-07-03T19:29:15","guid":{"rendered":"https:\/\/fecbop.eu\/?page_id=990"},"modified":"2023-09-27T12:05:54","modified_gmt":"2023-09-27T12:05:54","slug":"members-area","status":"publish","type":"page","link":"https:\/\/fecbop.eu\/it\/members-area\/","title":{"rendered":"Members area"},"content":{"rendered":"","protected":true},"excerpt":{"rendered":"","protected":true},"author":1,"featured_media":0,"parent":0,"menu_order":0,"comment_status":"closed","ping_status":"closed","template":"","meta":{"footnotes":""},"class_list":["post-990","page","type-page","status-publish","post-password-required","hentry"],"yoast_head":"<!-- This site is optimized with the Yoast SEO plugin v26.5 - https:\/\/yoast.com\/wordpress\/plugins\/seo\/ -->\n<title>Members area - FECBOP<\/title>\n<meta name=\"robots\" content=\"index, follow, max-snippet:-1, max-image-preview:large, max-video-preview:-1\" \/>\n<link rel=\"canonical\" href=\"https:\/\/fecbop.eu\/it\/members-area\/\" \/>\n<meta property=\"og:locale\" content=\"it_IT\" \/>\n<meta property=\"og:type\" content=\"article\" \/>\n<meta property=\"og:title\" content=\"Members area - FECBOP\" \/>\n<meta property=\"og:description\" content=\"Non \u00e8 disponibile alcun riassunto in quanto si tratta di un articolo protetto.\" \/>\n<meta property=\"og:url\" content=\"https:\/\/fecbop.eu\/it\/members-area\/\" \/>\n<meta property=\"og:site_name\" content=\"FECBOP\" \/>\n<meta property=\"article:modified_time\" content=\"2023-09-27T12:05:54+00:00\" \/>\n<meta name=\"twitter:card\" content=\"summary_large_image\" \/>\n<meta name=\"twitter:label1\" content=\"Tempo di lettura stimato\" \/>\n\t<meta name=\"twitter:data1\" content=\"2 minuti\" \/>\n<script type=\"application\/ld+json\" class=\"yoast-schema-graph\">{\"@context\":\"https:\/\/schema.org\",\"@graph\":[{\"@type\":\"WebPage\",\"@id\":\"https:\/\/fecbop.eu\/it\/members-area\/\",\"url\":\"https:\/\/fecbop.eu\/it\/members-area\/\",\"name\":\"Members area - FECBOP\",\"isPartOf\":{\"@id\":\"https:\/\/fecbop.eu\/#website\"},\"datePublished\":\"2020-07-03T19:29:15+00:00\",\"dateModified\":\"2023-09-27T12:05:54+00:00\",\"breadcrumb\":{\"@id\":\"https:\/\/fecbop.eu\/it\/members-area\/#breadcrumb\"},\"inLanguage\":\"it-IT\"},{\"@type\":\"WebSite\",\"@id\":\"https:\/\/fecbop.eu\/#website\",\"url\":\"https:\/\/fecbop.eu\/\",\"name\":\"F\u00e9d\u00e9ration Europ\u00e9enne des Centres de Bilan et d'Orientation professionnelle (FECBOP)\",\"description\":\"European Federation of Centres of Career Guidance  and Bilan de Comp\u00e9tences \/ F\u00e9d\u00e9ration Europ\u00e9enne des Centres de Bilan et d&#039;Orientation Professionnelle\",\"publisher\":{\"@id\":\"https:\/\/fecbop.eu\/#organization\"},\"alternateName\":\"European Federation of Career Guidance and Bilan de Comp\u00e9tences (FECBOP)\",\"potentialAction\":[{\"@type\":\"SearchAction\",\"target\":{\"@type\":\"EntryPoint\",\"urlTemplate\":\"https:\/\/fecbop.eu\/?s={search_term_string}\"},\"query-input\":{\"@type\":\"PropertyValueSpecification\",\"valueRequired\":true,\"valueName\":\"search_term_string\"}}],\"inLanguage\":\"it-IT\"},{\"@type\":\"Organization\",\"@id\":\"https:\/\/fecbop.eu\/#organization\",\"name\":\"FECBOP - F\u00e9d\u00e9ration Europ\u00e9enne des Centres de Bilan et d'Orientation professionnelle \/ European Federation of Centres of Career Guidance and Bilan de Comp\u00e9tences\",\"url\":\"https:\/\/fecbop.eu\/\",\"logo\":{\"@type\":\"ImageObject\",\"inLanguage\":\"it-IT\",\"@id\":\"https:\/\/fecbop.eu\/#\/schema\/logo\/image\/\",\"url\":\"https:\/\/fecbop.eu\/wp-content\/uploads\/2009\/06\/fecbop.jpg\",\"contentUrl\":\"https:\/\/fecbop.eu\/wp-content\/uploads\/2009\/06\/fecbop.jpg\",\"width\":567,\"height\":387,\"caption\":\"FECBOP - F\u00e9d\u00e9ration Europ\u00e9enne des Centres de Bilan et d'Orientation professionnelle \/ European Federation of Centres of Career Guidance and Bilan de Comp\u00e9tences\"},\"image\":{\"@id\":\"https:\/\/fecbop.eu\/#\/schema\/logo\/image\/\"}}]}<\/script>\n<!-- \/ Yoast SEO plugin. -->","yoast_head_json":{"title":"Members area - FECBOP","robots":{"index":"index","follow":"follow","max-snippet":"max-snippet:-1","max-image-preview":"max-image-preview:large","max-video-preview":"max-video-preview:-1"},"canonical":"https:\/\/fecbop.eu\/it\/members-area\/","og_locale":"it_IT","og_type":"article","og_title":"Members area - FECBOP","og_description":"Non \u00e8 disponibile alcun riassunto in quanto si tratta di un articolo protetto.","og_url":"https:\/\/fecbop.eu\/it\/members-area\/","og_site_name":"FECBOP","article_modified_time":"2023-09-27T12:05:54+00:00","twitter_card":"summary_large_image","twitter_misc":{"Tempo di lettura stimato":"2 minuti"},"schema":{"@context":"https:\/\/schema.org","@graph":[{"@type":"WebPage","@id":"https:\/\/fecbop.eu\/it\/members-area\/","url":"https:\/\/fecbop.eu\/it\/members-area\/","name":"Members area - FECBOP","isPartOf":{"@id":"https:\/\/fecbop.eu\/#website"},"datePublished":"2020-07-03T19:29:15+00:00","dateModified":"2023-09-27T12:05:54+00:00","breadcrumb":{"@id":"https:\/\/fecbop.eu\/it\/members-area\/#breadcrumb"},"inLanguage":"it-IT"},{"@type":"WebSite","@id":"https:\/\/fecbop.eu\/#website","url":"https:\/\/fecbop.eu\/","name":"F\u00e9d\u00e9ration Europ\u00e9enne des Centres de Bilan et d'Orientation professionnelle (FECBOP)","description":"European Federation of Centres of Career Guidance  and Bilan de Comp\u00e9tences \/ F\u00e9d\u00e9ration Europ\u00e9enne des Centres de Bilan et d&#039;Orientation Professionnelle","publisher":{"@id":"https:\/\/fecbop.eu\/#organization"},"alternateName":"European Federation of Career Guidance and Bilan de Comp\u00e9tences (FECBOP)","potentialAction":[{"@type":"SearchAction","target":{"@type":"EntryPoint","urlTemplate":"https:\/\/fecbop.eu\/?s={search_term_string}"},"query-input":{"@type":"PropertyValueSpecification","valueRequired":true,"valueName":"search_term_string"}}],"inLanguage":"it-IT"},{"@type":"Organization","@id":"https:\/\/fecbop.eu\/#organization","name":"FECBOP - F\u00e9d\u00e9ration Europ\u00e9enne des Centres de Bilan et d'Orientation professionnelle \/ European Federation of Centres of Career Guidance and Bilan de Comp\u00e9tences","url":"https:\/\/fecbop.eu\/","logo":{"@type":"ImageObject","inLanguage":"it-IT","@id":"https:\/\/fecbop.eu\/#\/schema\/logo\/image\/","url":"https:\/\/fecbop.eu\/wp-content\/uploads\/2009\/06\/fecbop.jpg","contentUrl":"https:\/\/fecbop.eu\/wp-content\/uploads\/2009\/06\/fecbop.jpg","width":567,"height":387,"caption":"FECBOP - F\u00e9d\u00e9ration Europ\u00e9enne des Centres de Bilan et d'Orientation professionnelle \/ European Federation of Centres of Career Guidance and Bilan de Comp\u00e9tences"},"image":{"@id":"https:\/\/fecbop.eu\/#\/schema\/logo\/image\/"}}]}},"_links":{"self":[{"href":"https:\/\/fecbop.eu\/it\/wp-json\/wp\/v2\/pages\/990","targetHints":{"allow":["GET"]}}],"collection":[{"href":"https:\/\/fecbop.eu\/it\/wp-json\/wp\/v2\/pages"}],"about":[{"href":"https:\/\/fecbop.eu\/it\/wp-json\/wp\/v2\/types\/page"}],"author":[{"embeddable":true,"href":"https:\/\/fecbop.eu\/it\/wp-json\/wp\/v2\/users\/1"}],"replies":[{"embeddable":true,"href":"https:\/\/fecbop.eu\/it\/wp-json\/wp\/v2\/comments?post=990"}],"version-history":[{"count":4,"href":"https:\/\/fecbop.eu\/it\/wp-json\/wp\/v2\/pages\/990\/revisions"}],"predecessor-version":[{"id":1176,"href":"https:\/\/fecbop.eu\/it\/wp-json\/wp\/v2\/pages\/990\/revisions\/1176"}],"wp:attachment":[{"href":"https:\/\/fecbop.eu\/it\/wp-json\/wp\/v2\/media?parent=990"}],"curies":[{"name":"wp","href":"https:\/\/api.w.org\/{rel}","templated":true}]}}