{"id":971,"date":"2020-07-04T15:00:53","date_gmt":"2020-07-04T15:00:53","guid":{"rendered":"https:\/\/fecbop.eu\/?page_id=971"},"modified":"2020-07-04T15:00:53","modified_gmt":"2020-07-04T15:00:53","slug":"membri-associati","status":"publish","type":"page","link":"https:\/\/fecbop.eu\/it\/riguardo-a-noi\/ciondoli\/membri-associati\/","title":{"rendered":"Membri associati"},"content":{"rendered":"<div class=\"fusion-fullwidth fullwidth-box nonhundred-percent-fullwidth non-hundred-percent-height-scrolling\"  style='background-color: rgba(255,255,255,0);background-position: center center;background-repeat: no-repeat;padding-top:0px;padding-right:0px;padding-bottom:0px;padding-left:0px;'><div class=\"fusion-builder-row fusion-row \"><div  class=\"fusion-layout-column fusion_builder_column fusion_builder_column_1_1 fusion-builder-column-1 fusion-one-full fusion-column-first fusion-column-last 1_1\"  style='margin-top:0px;margin-bottom:20px;'>\n\t\t\t\t\t<div class=\"fusion-column-wrapper\" style=\"padding: 0px 0px 0px 0px;background-position:left top;background-repeat:no-repeat;-webkit-background-size:cover;-moz-background-size:cover;-o-background-size:cover;background-size:cover;\"   data-bg-url=\"\">\n\t\t\t\t\t\t<style type=\"text\/css\">.fusion-portfolio-wrapper#fusion-portfolio-1 .fusion-portfolio-content{ padding: 25px 25px 25px 25px; text-align: left; }<\/style><div class=\"fusion-recent-works fusion-portfolio-element fusion-portfolio fusion-portfolio-1 fusion-portfolio-grid fusion-portfolio-paging-pagination fusion-portfolio-four fusion-portfolio-boxed fusion-portfolio-text fusion-portfolio-equal-heights\" data-id=\"-rw-1\" data-columns=\"four\"><style type=\"text\/css\">.fusion-portfolio-1 .fusion-portfolio-wrapper .fusion-col-spacing{padding:10px;}<\/style><div class=\"fusion-portfolio-wrapper\" id=\"fusion-portfolio-1\" data-picturesize=\"fixed\" data-pages=\"1\" style=\"margin:-10px;\"><article id=\"portfolio-1-post-1080\" class=\"fusion-portfolio-post associate-members-it fusion-col-spacing post-1080\"><div class=\"fusion-portfolio-content-wrapper\" style=\"border:1px solid #ebeaea;border-bottom-width:3px;background-color:rgba(255,255,255,0);\"><span class=\"vcard rich-snippet-hidden\"><span class=\"fn\"><a href=\"https:\/\/fecbop.eu\/it\/author\/fecbop51\/\" title=\"Articoli scritti da fecbop51\" rel=\"author\">fecbop51<\/a><\/span><\/span><span class=\"updated rich-snippet-hidden\">2020-04-12T18:18:16+00:00<\/span>\n\n<div  class=\"fusion-image-wrapper fusion-image-size-fixed\" aria-haspopup=\"true\">\n\t\n\t\n\t\t<a href=\"https:\/\/fecbop.eu\/it\/fecbop-members\/cnos-fap-piemonte\/\">\n\t\t\t\n\t\t\t\t\t<img loading=\"lazy\" decoding=\"async\" width=\"300\" height=\"214\" src=\"https:\/\/fecbop.eu\/wp-content\/uploads\/2020\/04\/Logo-Cnos-2019-300x214.png\" class=\"attachment-portfolio-three size-portfolio-three wp-post-image\" alt=\"\" \/>\n\t\n\n\t\t<\/a>\n\n\t\n<\/div>\n<div class=\"fusion-portfolio-content\" style=\"background-color:rgba(255,255,255,0);\"><h2 class=\"entry-title fusion-post-title\"><a href=\"https:\/\/fecbop.eu\/it\/fecbop-members\/cnos-fap-piemonte\/\">CNOS-FAP PIEMONTE<\/a><\/h2><div class=\"fusion-portfolio-meta\"><a href=\"https:\/\/fecbop.eu\/it\/portfolio_category\/italy-it\/\" rel=\"tag\">Italy<\/a><\/div><div class=\"fusion-post-content\"><\/div><\/div><\/div><\/article><article id=\"portfolio-1-post-1082\" class=\"fusion-portfolio-post associate-members-it fusion-col-spacing post-1082\"><div class=\"fusion-portfolio-content-wrapper\" style=\"border:1px solid #ebeaea;border-bottom-width:3px;background-color:rgba(255,255,255,0);\"><span class=\"vcard rich-snippet-hidden\"><span class=\"fn\"><a href=\"https:\/\/fecbop.eu\/it\/author\/fecbop51\/\" title=\"Articoli scritti da fecbop51\" rel=\"author\">fecbop51<\/a><\/span><\/span><span class=\"updated rich-snippet-hidden\">2019-09-03T14:26:55+00:00<\/span>\n\n<div  class=\"fusion-image-wrapper fusion-image-size-fixed\" aria-haspopup=\"true\">\n\t\n\t\n\t\t<a href=\"https:\/\/fecbop.eu\/it\/fecbop-members\/k-a-b-a-slovensko\/\">\n\t\t\t\n\t\t\t\t\t<img loading=\"lazy\" decoding=\"async\" width=\"300\" height=\"214\" src=\"https:\/\/fecbop.eu\/wp-content\/uploads\/2019\/09\/kaba-slovensko-300x214.png\" class=\"attachment-portfolio-three size-portfolio-three wp-post-image\" alt=\"\" \/>\n\t\n\n\t\t<\/a>\n\n\t\n<\/div>\n<div class=\"fusion-portfolio-content\" style=\"background-color:rgba(255,255,255,0);\"><h2 class=\"entry-title fusion-post-title\"><a href=\"https:\/\/fecbop.eu\/it\/fecbop-members\/k-a-b-a-slovensko\/\">K.A.B.A Slovensko<\/a><\/h2><div class=\"fusion-portfolio-meta\"><a href=\"https:\/\/fecbop.eu\/it\/portfolio_category\/slovakia-it\/\" rel=\"tag\">Slovakia<\/a><\/div><div class=\"fusion-post-content\"><\/div><\/div><\/div><\/article><article id=\"portfolio-1-post-1084\" class=\"fusion-portfolio-post associate-members-it fusion-col-spacing post-1084\"><div class=\"fusion-portfolio-content-wrapper\" style=\"border:1px solid #ebeaea;border-bottom-width:3px;background-color:rgba(255,255,255,0);\"><span class=\"vcard rich-snippet-hidden\"><span class=\"fn\"><a href=\"https:\/\/fecbop.eu\/it\/author\/fecbop51\/\" title=\"Articoli scritti da fecbop51\" rel=\"author\">fecbop51<\/a><\/span><\/span><span class=\"updated rich-snippet-hidden\">2022-06-27T11:39:46+00:00<\/span>\n\n<div  class=\"fusion-image-wrapper fusion-image-size-fixed\" aria-haspopup=\"true\">\n\t\n\t\n\t\t<a href=\"https:\/\/fecbop.eu\/it\/fecbop-members\/universita-roma-3-cres\/\">\n\t\t\t\n\t\t\t\t\t<img loading=\"lazy\" decoding=\"async\" width=\"300\" height=\"214\" src=\"https:\/\/fecbop.eu\/wp-content\/uploads\/2020\/03\/Cres-Roma-Tre-logo-new-300x214.jpg\" class=\"attachment-portfolio-three size-portfolio-three wp-post-image\" alt=\"\" \/>\n\t\n\n\t\t<\/a>\n\n\t\n<\/div>\n<div class=\"fusion-portfolio-content\" style=\"background-color:rgba(255,255,255,0);\"><h2 class=\"entry-title fusion-post-title\"><a href=\"https:\/\/fecbop.eu\/it\/fecbop-members\/universita-roma-3-cres\/\">Universita Roma 3- CRES<\/a><\/h2><div class=\"fusion-portfolio-meta\"><a href=\"https:\/\/fecbop.eu\/it\/portfolio_category\/italy-it\/\" rel=\"tag\">Italy<\/a><\/div><div class=\"fusion-post-content\"><\/div><\/div><\/div><\/article><\/div><\/div><div class=\"fusion-clearfix\"><\/div>\n\n\t\t\t\t\t<\/div>\n\t\t\t\t<\/div><\/div><\/div>\n","protected":false},"excerpt":{"rendered":"","protected":false},"author":1,"featured_media":0,"parent":968,"menu_order":0,"comment_status":"closed","ping_status":"closed","template":"","meta":{"footnotes":""},"class_list":["post-971","page","type-page","status-publish","hentry"],"yoast_head":"<!-- This site is optimized with the Yoast SEO plugin v26.5 - https:\/\/yoast.com\/wordpress\/plugins\/seo\/ -->\n<title>Membri associati - FECBOP<\/title>\n<meta name=\"robots\" content=\"index, follow, max-snippet:-1, max-image-preview:large, max-video-preview:-1\" \/>\n<link rel=\"canonical\" href=\"https:\/\/fecbop.eu\/it\/riguardo-a-noi\/ciondoli\/membri-associati\/\" \/>\n<meta property=\"og:locale\" content=\"it_IT\" \/>\n<meta property=\"og:type\" content=\"article\" \/>\n<meta property=\"og:title\" content=\"Membri associati - FECBOP\" \/>\n<meta property=\"og:url\" content=\"https:\/\/fecbop.eu\/it\/riguardo-a-noi\/ciondoli\/membri-associati\/\" \/>\n<meta property=\"og:site_name\" content=\"FECBOP\" \/>\n<meta property=\"og:image\" content=\"https:\/\/fecbop.eu\/wp-content\/uploads\/2009\/06\/fecbop.jpg\" \/>\n\t<meta property=\"og:image:width\" content=\"567\" \/>\n\t<meta property=\"og:image:height\" content=\"387\" \/>\n\t<meta property=\"og:image:type\" content=\"image\/jpeg\" \/>\n<meta name=\"twitter:card\" content=\"summary_large_image\" \/>\n<meta name=\"twitter:label1\" content=\"Tempo di lettura stimato\" \/>\n\t<meta name=\"twitter:data1\" content=\"2 minuti\" \/>\n<script type=\"application\/ld+json\" class=\"yoast-schema-graph\">{\"@context\":\"https:\/\/schema.org\",\"@graph\":[{\"@type\":\"WebPage\",\"@id\":\"https:\/\/fecbop.eu\/it\/riguardo-a-noi\/ciondoli\/membri-associati\/\",\"url\":\"https:\/\/fecbop.eu\/it\/riguardo-a-noi\/ciondoli\/membri-associati\/\",\"name\":\"Membri associati - FECBOP\",\"isPartOf\":{\"@id\":\"https:\/\/fecbop.eu\/#website\"},\"datePublished\":\"2020-07-04T15:00:53+00:00\",\"breadcrumb\":{\"@id\":\"https:\/\/fecbop.eu\/it\/riguardo-a-noi\/ciondoli\/membri-associati\/#breadcrumb\"},\"inLanguage\":\"it-IT\",\"potentialAction\":[{\"@type\":\"ReadAction\",\"target\":[\"https:\/\/fecbop.eu\/it\/riguardo-a-noi\/ciondoli\/membri-associati\/\"]}]},{\"@type\":\"BreadcrumbList\",\"@id\":\"https:\/\/fecbop.eu\/it\/riguardo-a-noi\/ciondoli\/membri-associati\/#breadcrumb\",\"itemListElement\":[{\"@type\":\"ListItem\",\"position\":1,\"name\":\"Home\",\"item\":\"https:\/\/fecbop.eu\/it\/fecbop\/\"},{\"@type\":\"ListItem\",\"position\":2,\"name\":\"Riguardo a noi\",\"item\":\"https:\/\/fecbop.eu\/it\/riguardo-a-noi\/\"},{\"@type\":\"ListItem\",\"position\":3,\"name\":\"Ciondoli\",\"item\":\"https:\/\/fecbop.eu\/it\/riguardo-a-noi\/ciondoli\/\"},{\"@type\":\"ListItem\",\"position\":4,\"name\":\"Membri associati\"}]},{\"@type\":\"WebSite\",\"@id\":\"https:\/\/fecbop.eu\/#website\",\"url\":\"https:\/\/fecbop.eu\/\",\"name\":\"F\u00e9d\u00e9ration Europ\u00e9enne des Centres de Bilan et d'Orientation professionnelle (FECBOP)\",\"description\":\"European Federation of Centres of Career Guidance  and Bilan de Comp\u00e9tences \/ F\u00e9d\u00e9ration Europ\u00e9enne des Centres de Bilan et d&#039;Orientation Professionnelle\",\"publisher\":{\"@id\":\"https:\/\/fecbop.eu\/#organization\"},\"alternateName\":\"European Federation of Career Guidance and Bilan de Comp\u00e9tences (FECBOP)\",\"potentialAction\":[{\"@type\":\"SearchAction\",\"target\":{\"@type\":\"EntryPoint\",\"urlTemplate\":\"https:\/\/fecbop.eu\/?s={search_term_string}\"},\"query-input\":{\"@type\":\"PropertyValueSpecification\",\"valueRequired\":true,\"valueName\":\"search_term_string\"}}],\"inLanguage\":\"it-IT\"},{\"@type\":\"Organization\",\"@id\":\"https:\/\/fecbop.eu\/#organization\",\"name\":\"FECBOP - F\u00e9d\u00e9ration Europ\u00e9enne des Centres de Bilan et d'Orientation professionnelle \/ European Federation of Centres of Career Guidance and Bilan de Comp\u00e9tences\",\"url\":\"https:\/\/fecbop.eu\/\",\"logo\":{\"@type\":\"ImageObject\",\"inLanguage\":\"it-IT\",\"@id\":\"https:\/\/fecbop.eu\/#\/schema\/logo\/image\/\",\"url\":\"https:\/\/fecbop.eu\/wp-content\/uploads\/2009\/06\/fecbop.jpg\",\"contentUrl\":\"https:\/\/fecbop.eu\/wp-content\/uploads\/2009\/06\/fecbop.jpg\",\"width\":567,\"height\":387,\"caption\":\"FECBOP - F\u00e9d\u00e9ration Europ\u00e9enne des Centres de Bilan et d'Orientation professionnelle \/ European Federation of Centres of Career Guidance and Bilan de Comp\u00e9tences\"},\"image\":{\"@id\":\"https:\/\/fecbop.eu\/#\/schema\/logo\/image\/\"}}]}<\/script>\n<!-- \/ Yoast SEO plugin. -->","yoast_head_json":{"title":"Membri associati - FECBOP","robots":{"index":"index","follow":"follow","max-snippet":"max-snippet:-1","max-image-preview":"max-image-preview:large","max-video-preview":"max-video-preview:-1"},"canonical":"https:\/\/fecbop.eu\/it\/riguardo-a-noi\/ciondoli\/membri-associati\/","og_locale":"it_IT","og_type":"article","og_title":"Membri associati - FECBOP","og_url":"https:\/\/fecbop.eu\/it\/riguardo-a-noi\/ciondoli\/membri-associati\/","og_site_name":"FECBOP","og_image":[{"width":567,"height":387,"url":"https:\/\/fecbop.eu\/wp-content\/uploads\/2009\/06\/fecbop.jpg","type":"image\/jpeg"}],"twitter_card":"summary_large_image","twitter_misc":{"Tempo di lettura stimato":"2 minuti"},"schema":{"@context":"https:\/\/schema.org","@graph":[{"@type":"WebPage","@id":"https:\/\/fecbop.eu\/it\/riguardo-a-noi\/ciondoli\/membri-associati\/","url":"https:\/\/fecbop.eu\/it\/riguardo-a-noi\/ciondoli\/membri-associati\/","name":"Membri associati - FECBOP","isPartOf":{"@id":"https:\/\/fecbop.eu\/#website"},"datePublished":"2020-07-04T15:00:53+00:00","breadcrumb":{"@id":"https:\/\/fecbop.eu\/it\/riguardo-a-noi\/ciondoli\/membri-associati\/#breadcrumb"},"inLanguage":"it-IT","potentialAction":[{"@type":"ReadAction","target":["https:\/\/fecbop.eu\/it\/riguardo-a-noi\/ciondoli\/membri-associati\/"]}]},{"@type":"BreadcrumbList","@id":"https:\/\/fecbop.eu\/it\/riguardo-a-noi\/ciondoli\/membri-associati\/#breadcrumb","itemListElement":[{"@type":"ListItem","position":1,"name":"Home","item":"https:\/\/fecbop.eu\/it\/fecbop\/"},{"@type":"ListItem","position":2,"name":"Riguardo a noi","item":"https:\/\/fecbop.eu\/it\/riguardo-a-noi\/"},{"@type":"ListItem","position":3,"name":"Ciondoli","item":"https:\/\/fecbop.eu\/it\/riguardo-a-noi\/ciondoli\/"},{"@type":"ListItem","position":4,"name":"Membri associati"}]},{"@type":"WebSite","@id":"https:\/\/fecbop.eu\/#website","url":"https:\/\/fecbop.eu\/","name":"F\u00e9d\u00e9ration Europ\u00e9enne des Centres de Bilan et d'Orientation professionnelle (FECBOP)","description":"European Federation of Centres of Career Guidance  and Bilan de Comp\u00e9tences \/ F\u00e9d\u00e9ration Europ\u00e9enne des Centres de Bilan et d&#039;Orientation Professionnelle","publisher":{"@id":"https:\/\/fecbop.eu\/#organization"},"alternateName":"European Federation of Career Guidance and Bilan de Comp\u00e9tences (FECBOP)","potentialAction":[{"@type":"SearchAction","target":{"@type":"EntryPoint","urlTemplate":"https:\/\/fecbop.eu\/?s={search_term_string}"},"query-input":{"@type":"PropertyValueSpecification","valueRequired":true,"valueName":"search_term_string"}}],"inLanguage":"it-IT"},{"@type":"Organization","@id":"https:\/\/fecbop.eu\/#organization","name":"FECBOP - F\u00e9d\u00e9ration Europ\u00e9enne des Centres de Bilan et d'Orientation professionnelle \/ European Federation of Centres of Career Guidance and Bilan de Comp\u00e9tences","url":"https:\/\/fecbop.eu\/","logo":{"@type":"ImageObject","inLanguage":"it-IT","@id":"https:\/\/fecbop.eu\/#\/schema\/logo\/image\/","url":"https:\/\/fecbop.eu\/wp-content\/uploads\/2009\/06\/fecbop.jpg","contentUrl":"https:\/\/fecbop.eu\/wp-content\/uploads\/2009\/06\/fecbop.jpg","width":567,"height":387,"caption":"FECBOP - F\u00e9d\u00e9ration Europ\u00e9enne des Centres de Bilan et d'Orientation professionnelle \/ European Federation of Centres of Career Guidance and Bilan de Comp\u00e9tences"},"image":{"@id":"https:\/\/fecbop.eu\/#\/schema\/logo\/image\/"}}]}},"_links":{"self":[{"href":"https:\/\/fecbop.eu\/it\/wp-json\/wp\/v2\/pages\/971","targetHints":{"allow":["GET"]}}],"collection":[{"href":"https:\/\/fecbop.eu\/it\/wp-json\/wp\/v2\/pages"}],"about":[{"href":"https:\/\/fecbop.eu\/it\/wp-json\/wp\/v2\/types\/page"}],"author":[{"embeddable":true,"href":"https:\/\/fecbop.eu\/it\/wp-json\/wp\/v2\/users\/1"}],"replies":[{"embeddable":true,"href":"https:\/\/fecbop.eu\/it\/wp-json\/wp\/v2\/comments?post=971"}],"version-history":[{"count":2,"href":"https:\/\/fecbop.eu\/it\/wp-json\/wp\/v2\/pages\/971\/revisions"}],"predecessor-version":[{"id":973,"href":"https:\/\/fecbop.eu\/it\/wp-json\/wp\/v2\/pages\/971\/revisions\/973"}],"up":[{"embeddable":true,"href":"https:\/\/fecbop.eu\/it\/wp-json\/wp\/v2\/pages\/968"}],"wp:attachment":[{"href":"https:\/\/fecbop.eu\/it\/wp-json\/wp\/v2\/media?parent=971"}],"curies":[{"name":"wp","href":"https:\/\/api.w.org\/{rel}","templated":true}]}}