{"id":962,"date":"2020-07-04T14:57:57","date_gmt":"2020-07-04T14:57:57","guid":{"rendered":"https:\/\/fecbop.eu\/?page_id=962"},"modified":"2020-07-04T14:57:57","modified_gmt":"2020-07-04T14:57:57","slug":"il-bilancio-di-competenze","status":"publish","type":"page","link":"https:\/\/fecbop.eu\/it\/il-bilancio-di-competenze\/","title":{"rendered":"Il bilancio di competenze"},"content":{"rendered":"<p>Il bilancio di competenze<\/p>\n<ul>\n<li>Destinato a tutti, esso permette d\u2019individuare e di valorizzare:<\/li>\n<li>competenze professionali e personali<\/li>\n<li>attitudini e potenzialit\u00e0<\/li>\n<li>interessi e motivazioni<\/li>\n<\/ul>\n<p>con l\u2019obiettivo di:<\/p>\n<ul>\n<li>elaborare una strategia professionale<\/li>\n<li>sviluppare delle competenze rispetto ad un lavoro specifico<\/li>\n<li>predisporre un percorso formativo<\/li>\n<li>preparare un percorso di Validazione degli Acquis dell\u2019Esperienza<\/li>\n<li>accompagnare la mobilit\u00e0 esterna o interna<\/li>\n<li>saper descrivere le proprie competenze<\/li>\n<\/ul>\n<p><strong><br \/>\nIl bilancio di competenze approfondito (BCA)<\/strong><\/p>\n<p>Il BCA \u00e8 una prestazione che permette:<\/p>\n<ul>\n<li>di comprendere le situazioni di lavoro vissute per elaborare una strategia finalizzata ad un riposizionamento o ad un inserimento professionale soddisfacenti;<\/li>\n<li>di prepararsi alla mobilit\u00e0 verso lavori che comportano un trasferimento o un miglioramento delle proprie competenze, e quindi necessitano di un percorso di formazione o di un percorso di validazione degli acquis dell\u2019esperienza;<\/li>\n<li>di approfondire, riorientare o validare un progetto professionale;<\/li>\n<li>di definire o ridefinire un percorso di ritorno al lavoro.<\/li>\n<\/ul>\n","protected":false},"excerpt":{"rendered":"<p>Il bilancio di competenze Destinato a tutti, esso permette d\u2019individuare e di valorizzare: competenze professionali [&hellip;]<\/p>\n","protected":false},"author":1,"featured_media":0,"parent":0,"menu_order":0,"comment_status":"closed","ping_status":"closed","template":"","meta":{"footnotes":""},"class_list":["post-962","page","type-page","status-publish","hentry"],"yoast_head":"<!-- This site is optimized with the Yoast SEO plugin v26.5 - https:\/\/yoast.com\/wordpress\/plugins\/seo\/ -->\n<title>Il bilancio di competenze - FECBOP<\/title>\n<meta name=\"robots\" content=\"index, follow, max-snippet:-1, max-image-preview:large, max-video-preview:-1\" \/>\n<link rel=\"canonical\" href=\"https:\/\/fecbop.eu\/it\/il-bilancio-di-competenze\/\" \/>\n<meta property=\"og:locale\" content=\"it_IT\" \/>\n<meta property=\"og:type\" content=\"article\" \/>\n<meta property=\"og:title\" content=\"Il bilancio di competenze - FECBOP\" \/>\n<meta property=\"og:description\" content=\"Il bilancio di competenze Destinato a tutti, esso permette d\u2019individuare e di valorizzare: competenze professionali [&hellip;]\" \/>\n<meta property=\"og:url\" content=\"https:\/\/fecbop.eu\/it\/il-bilancio-di-competenze\/\" \/>\n<meta property=\"og:site_name\" content=\"FECBOP\" \/>\n<meta property=\"og:image\" content=\"https:\/\/fecbop.eu\/wp-content\/uploads\/2009\/06\/fecbop.jpg\" \/>\n\t<meta property=\"og:image:width\" content=\"567\" \/>\n\t<meta property=\"og:image:height\" content=\"387\" \/>\n\t<meta property=\"og:image:type\" content=\"image\/jpeg\" \/>\n<meta name=\"twitter:card\" content=\"summary_large_image\" \/>\n<meta name=\"twitter:label1\" content=\"Tempo di lettura stimato\" \/>\n\t<meta name=\"twitter:data1\" content=\"1 minuto\" \/>\n<script type=\"application\/ld+json\" class=\"yoast-schema-graph\">{\"@context\":\"https:\/\/schema.org\",\"@graph\":[{\"@type\":\"WebPage\",\"@id\":\"https:\/\/fecbop.eu\/it\/il-bilancio-di-competenze\/\",\"url\":\"https:\/\/fecbop.eu\/it\/il-bilancio-di-competenze\/\",\"name\":\"Il bilancio di competenze - FECBOP\",\"isPartOf\":{\"@id\":\"https:\/\/fecbop.eu\/#website\"},\"datePublished\":\"2020-07-04T14:57:57+00:00\",\"breadcrumb\":{\"@id\":\"https:\/\/fecbop.eu\/it\/il-bilancio-di-competenze\/#breadcrumb\"},\"inLanguage\":\"it-IT\",\"potentialAction\":[{\"@type\":\"ReadAction\",\"target\":[\"https:\/\/fecbop.eu\/it\/il-bilancio-di-competenze\/\"]}]},{\"@type\":\"BreadcrumbList\",\"@id\":\"https:\/\/fecbop.eu\/it\/il-bilancio-di-competenze\/#breadcrumb\",\"itemListElement\":[{\"@type\":\"ListItem\",\"position\":1,\"name\":\"Home\",\"item\":\"https:\/\/fecbop.eu\/it\/fecbop\/\"},{\"@type\":\"ListItem\",\"position\":2,\"name\":\"Il bilancio di competenze\"}]},{\"@type\":\"WebSite\",\"@id\":\"https:\/\/fecbop.eu\/#website\",\"url\":\"https:\/\/fecbop.eu\/\",\"name\":\"F\u00e9d\u00e9ration Europ\u00e9enne des Centres de Bilan et d'Orientation professionnelle (FECBOP)\",\"description\":\"European Federation of Centres of Career Guidance  and Bilan de Comp\u00e9tences \/ F\u00e9d\u00e9ration Europ\u00e9enne des Centres de Bilan et d&#039;Orientation Professionnelle\",\"publisher\":{\"@id\":\"https:\/\/fecbop.eu\/#organization\"},\"alternateName\":\"European Federation of Career Guidance and Bilan de Comp\u00e9tences (FECBOP)\",\"potentialAction\":[{\"@type\":\"SearchAction\",\"target\":{\"@type\":\"EntryPoint\",\"urlTemplate\":\"https:\/\/fecbop.eu\/?s={search_term_string}\"},\"query-input\":{\"@type\":\"PropertyValueSpecification\",\"valueRequired\":true,\"valueName\":\"search_term_string\"}}],\"inLanguage\":\"it-IT\"},{\"@type\":\"Organization\",\"@id\":\"https:\/\/fecbop.eu\/#organization\",\"name\":\"FECBOP - F\u00e9d\u00e9ration Europ\u00e9enne des Centres de Bilan et d'Orientation professionnelle \/ European Federation of Centres of Career Guidance and Bilan de Comp\u00e9tences\",\"url\":\"https:\/\/fecbop.eu\/\",\"logo\":{\"@type\":\"ImageObject\",\"inLanguage\":\"it-IT\",\"@id\":\"https:\/\/fecbop.eu\/#\/schema\/logo\/image\/\",\"url\":\"https:\/\/fecbop.eu\/wp-content\/uploads\/2009\/06\/fecbop.jpg\",\"contentUrl\":\"https:\/\/fecbop.eu\/wp-content\/uploads\/2009\/06\/fecbop.jpg\",\"width\":567,\"height\":387,\"caption\":\"FECBOP - F\u00e9d\u00e9ration Europ\u00e9enne des Centres de Bilan et d'Orientation professionnelle \/ European Federation of Centres of Career Guidance and Bilan de Comp\u00e9tences\"},\"image\":{\"@id\":\"https:\/\/fecbop.eu\/#\/schema\/logo\/image\/\"}}]}<\/script>\n<!-- \/ Yoast SEO plugin. -->","yoast_head_json":{"title":"Il bilancio di competenze - FECBOP","robots":{"index":"index","follow":"follow","max-snippet":"max-snippet:-1","max-image-preview":"max-image-preview:large","max-video-preview":"max-video-preview:-1"},"canonical":"https:\/\/fecbop.eu\/it\/il-bilancio-di-competenze\/","og_locale":"it_IT","og_type":"article","og_title":"Il bilancio di competenze - FECBOP","og_description":"Il bilancio di competenze Destinato a tutti, esso permette d\u2019individuare e di valorizzare: competenze professionali [&hellip;]","og_url":"https:\/\/fecbop.eu\/it\/il-bilancio-di-competenze\/","og_site_name":"FECBOP","og_image":[{"width":567,"height":387,"url":"https:\/\/fecbop.eu\/wp-content\/uploads\/2009\/06\/fecbop.jpg","type":"image\/jpeg"}],"twitter_card":"summary_large_image","twitter_misc":{"Tempo di lettura stimato":"1 minuto"},"schema":{"@context":"https:\/\/schema.org","@graph":[{"@type":"WebPage","@id":"https:\/\/fecbop.eu\/it\/il-bilancio-di-competenze\/","url":"https:\/\/fecbop.eu\/it\/il-bilancio-di-competenze\/","name":"Il bilancio di competenze - FECBOP","isPartOf":{"@id":"https:\/\/fecbop.eu\/#website"},"datePublished":"2020-07-04T14:57:57+00:00","breadcrumb":{"@id":"https:\/\/fecbop.eu\/it\/il-bilancio-di-competenze\/#breadcrumb"},"inLanguage":"it-IT","potentialAction":[{"@type":"ReadAction","target":["https:\/\/fecbop.eu\/it\/il-bilancio-di-competenze\/"]}]},{"@type":"BreadcrumbList","@id":"https:\/\/fecbop.eu\/it\/il-bilancio-di-competenze\/#breadcrumb","itemListElement":[{"@type":"ListItem","position":1,"name":"Home","item":"https:\/\/fecbop.eu\/it\/fecbop\/"},{"@type":"ListItem","position":2,"name":"Il bilancio di competenze"}]},{"@type":"WebSite","@id":"https:\/\/fecbop.eu\/#website","url":"https:\/\/fecbop.eu\/","name":"F\u00e9d\u00e9ration Europ\u00e9enne des Centres de Bilan et d'Orientation professionnelle (FECBOP)","description":"European Federation of Centres of Career Guidance  and Bilan de Comp\u00e9tences \/ F\u00e9d\u00e9ration Europ\u00e9enne des Centres de Bilan et d&#039;Orientation Professionnelle","publisher":{"@id":"https:\/\/fecbop.eu\/#organization"},"alternateName":"European Federation of Career Guidance and Bilan de Comp\u00e9tences (FECBOP)","potentialAction":[{"@type":"SearchAction","target":{"@type":"EntryPoint","urlTemplate":"https:\/\/fecbop.eu\/?s={search_term_string}"},"query-input":{"@type":"PropertyValueSpecification","valueRequired":true,"valueName":"search_term_string"}}],"inLanguage":"it-IT"},{"@type":"Organization","@id":"https:\/\/fecbop.eu\/#organization","name":"FECBOP - F\u00e9d\u00e9ration Europ\u00e9enne des Centres de Bilan et d'Orientation professionnelle \/ European Federation of Centres of Career Guidance and Bilan de Comp\u00e9tences","url":"https:\/\/fecbop.eu\/","logo":{"@type":"ImageObject","inLanguage":"it-IT","@id":"https:\/\/fecbop.eu\/#\/schema\/logo\/image\/","url":"https:\/\/fecbop.eu\/wp-content\/uploads\/2009\/06\/fecbop.jpg","contentUrl":"https:\/\/fecbop.eu\/wp-content\/uploads\/2009\/06\/fecbop.jpg","width":567,"height":387,"caption":"FECBOP - F\u00e9d\u00e9ration Europ\u00e9enne des Centres de Bilan et d'Orientation professionnelle \/ European Federation of Centres of Career Guidance and Bilan de Comp\u00e9tences"},"image":{"@id":"https:\/\/fecbop.eu\/#\/schema\/logo\/image\/"}}]}},"_links":{"self":[{"href":"https:\/\/fecbop.eu\/it\/wp-json\/wp\/v2\/pages\/962","targetHints":{"allow":["GET"]}}],"collection":[{"href":"https:\/\/fecbop.eu\/it\/wp-json\/wp\/v2\/pages"}],"about":[{"href":"https:\/\/fecbop.eu\/it\/wp-json\/wp\/v2\/types\/page"}],"author":[{"embeddable":true,"href":"https:\/\/fecbop.eu\/it\/wp-json\/wp\/v2\/users\/1"}],"replies":[{"embeddable":true,"href":"https:\/\/fecbop.eu\/it\/wp-json\/wp\/v2\/comments?post=962"}],"version-history":[{"count":2,"href":"https:\/\/fecbop.eu\/it\/wp-json\/wp\/v2\/pages\/962\/revisions"}],"predecessor-version":[{"id":964,"href":"https:\/\/fecbop.eu\/it\/wp-json\/wp\/v2\/pages\/962\/revisions\/964"}],"wp:attachment":[{"href":"https:\/\/fecbop.eu\/it\/wp-json\/wp\/v2\/media?parent=962"}],"curies":[{"name":"wp","href":"https:\/\/api.w.org\/{rel}","templated":true}]}}