{"id":958,"date":"2020-07-04T14:56:50","date_gmt":"2020-07-04T14:56:50","guid":{"rendered":"https:\/\/fecbop.eu\/?page_id=958"},"modified":"2020-07-04T14:56:50","modified_gmt":"2020-07-04T14:56:50","slug":"qualita","status":"publish","type":"page","link":"https:\/\/fecbop.eu\/it\/qualita\/","title":{"rendered":"Qualit\u00e0"},"content":{"rendered":"<p>La garanzia di risposte adeguate alle necessit\u00e0 di individui ed organizzazioni di fronte all\u2019evoluzione del mercato del lavoro<\/p>\n<p>Singole persone, istituzioni e organismi pubblici e privati vogliono avere la garanzia di collaborare \u2013 nella propria area geografica \u2013 con Centri di Bilancio delle Competenze, di\u00a0orientamento e di consulenza di carriera di alto livello.<\/p>\n<p><strong>La certificazione europea di qualit\u00e0<\/strong>\u00a0creata e gestita dalla FECBOP risponde a questa legittima richiesta.<\/p>\n<p>La certificazione europea di qualit\u00e0<\/p>\n<p><img loading=\"lazy\" decoding=\"async\" src=\"https:\/\/old.fecbop.eu\/images\/stories\/logo%20qualit%20europe%20v2%20-%20transparent.png\" alt=\"logo qualit europe v2 - transparent\" width=\"131\" height=\"124\" \/><\/p>\n<ul>\n<li><strong>evita ogni confusione<\/strong>\u00a0nell\u2019utilizzo della definizione \u00ab\u00a0bilancio delle \u00a0competenze\u00a0\u00bb,<\/li>\n<li><strong>accompagna<\/strong>\u00a0e sostiene\u00a0<strong>la professionalizzazione<\/strong>\u00a0continua\u00a0<strong>dei Centri di Bilancio<\/strong><\/li>\n<li>identifica i Centri di Bilancio delle Competenze che\u00a0<strong>dimostrano una eccellenza<\/strong>\u00a0nelle prestazioni legata alla qualit\u00e0 e alla deontologia delle loro pratiche<\/li>\n<li>garantisce di mettere a disposizione dei beneficiari \u2013 sia singole persone che organizzazioni \u2013\u00a0<strong>professionisti riconosciuti<\/strong>\u00a0in grado di rispondere nel modo pi\u00f9 specifico ed adeguato alle loro necessit\u00e0.<\/li>\n<\/ul>\n<p>&nbsp;<\/p>\n<h3>Le basi deontologiche richieste<\/h3>\n<p>I Centri di Bilancio delle Competenze, di orientamento e di consulenza di carriera garantiscono il rispetto della privacy secondo la normativa vigente.<\/p>\n<p>La\u00a0<strong>certificazione di qualit\u00e0<\/strong>\u00a0\u00e9\u00a0<strong>attribuita\u00a0<\/strong>dalla FECBOP agli Organismi che, a complemento della loro professionali\u00e0 metodologica, applicano questi obblighi ad ogni loro intervento, senza eccezioni.<\/p>\n<p>Garantiscono inoltre la libert\u00e0 e la dignit\u00e0 dei beneficiari<\/p>\n<p>Per cui,<\/p>\n<ul>\n<li>Il\/la beneficiario\/a delle prestazioni di uno dei nostro membri deve esprimere la propria\u00a0<strong>volontariet\u00e0<\/strong>\u00a0nel seguire un percorso di Bilancio e\/o di \u00a0orientamento.<\/li>\n<li>Durante la consulenza possono essere richieste<strong>\u00a0esclusivamente informazioni attinenti e necessarie<\/strong>\u00a0alla prestazione stessa.<\/li>\n<li>Il documento di sintesi Li dei risultati<strong>\u00a0<\/strong>della prestazione effettuata \u00e9 di\u00a0<strong>propriet\u00e0 del\/la beneficario\/a.<\/strong><\/li>\n<\/ul>\n<p>Ogni\u00a0<strong>utilizzo verso terzi<\/strong>\u00a0del documento di sintesi richiede l\u2019autorizzazione del\/la beneficiario\/a ed il rispetto della normativa vigente.<\/p>\n","protected":false},"excerpt":{"rendered":"<p>La garanzia di risposte adeguate alle necessit\u00e0 di individui ed organizzazioni di fronte all\u2019evoluzione del [&hellip;]<\/p>\n","protected":false},"author":1,"featured_media":0,"parent":0,"menu_order":0,"comment_status":"closed","ping_status":"closed","template":"","meta":{"footnotes":""},"class_list":["post-958","page","type-page","status-publish","hentry"],"yoast_head":"<!-- This site is optimized with the Yoast SEO plugin v26.5 - https:\/\/yoast.com\/wordpress\/plugins\/seo\/ -->\n<title>Qualit\u00e0 - FECBOP<\/title>\n<meta name=\"robots\" content=\"index, follow, max-snippet:-1, max-image-preview:large, max-video-preview:-1\" \/>\n<link rel=\"canonical\" href=\"https:\/\/fecbop.eu\/it\/qualita\/\" \/>\n<meta property=\"og:locale\" content=\"it_IT\" \/>\n<meta property=\"og:type\" content=\"article\" \/>\n<meta property=\"og:title\" content=\"Qualit\u00e0 - FECBOP\" \/>\n<meta property=\"og:description\" content=\"La garanzia di risposte adeguate alle necessit\u00e0 di individui ed organizzazioni di fronte all\u2019evoluzione del [&hellip;]\" \/>\n<meta property=\"og:url\" content=\"https:\/\/fecbop.eu\/it\/qualita\/\" \/>\n<meta property=\"og:site_name\" content=\"FECBOP\" \/>\n<meta property=\"og:image\" content=\"https:\/\/old.fecbop.eu\/images\/stories\/logo%20qualit%20europe%20v2%20-%20transparent.png\" \/>\n<meta name=\"twitter:card\" content=\"summary_large_image\" \/>\n<meta name=\"twitter:label1\" content=\"Tempo di lettura stimato\" \/>\n\t<meta name=\"twitter:data1\" content=\"1 minuto\" \/>\n<script type=\"application\/ld+json\" class=\"yoast-schema-graph\">{\"@context\":\"https:\/\/schema.org\",\"@graph\":[{\"@type\":\"WebPage\",\"@id\":\"https:\/\/fecbop.eu\/it\/qualita\/\",\"url\":\"https:\/\/fecbop.eu\/it\/qualita\/\",\"name\":\"Qualit\u00e0 - FECBOP\",\"isPartOf\":{\"@id\":\"https:\/\/fecbop.eu\/#website\"},\"primaryImageOfPage\":{\"@id\":\"https:\/\/fecbop.eu\/it\/qualita\/#primaryimage\"},\"image\":{\"@id\":\"https:\/\/fecbop.eu\/it\/qualita\/#primaryimage\"},\"thumbnailUrl\":\"https:\/\/old.fecbop.eu\/images\/stories\/logo%20qualit%20europe%20v2%20-%20transparent.png\",\"datePublished\":\"2020-07-04T14:56:50+00:00\",\"breadcrumb\":{\"@id\":\"https:\/\/fecbop.eu\/it\/qualita\/#breadcrumb\"},\"inLanguage\":\"it-IT\",\"potentialAction\":[{\"@type\":\"ReadAction\",\"target\":[\"https:\/\/fecbop.eu\/it\/qualita\/\"]}]},{\"@type\":\"ImageObject\",\"inLanguage\":\"it-IT\",\"@id\":\"https:\/\/fecbop.eu\/it\/qualita\/#primaryimage\",\"url\":\"https:\/\/old.fecbop.eu\/images\/stories\/logo%20qualit%20europe%20v2%20-%20transparent.png\",\"contentUrl\":\"https:\/\/old.fecbop.eu\/images\/stories\/logo%20qualit%20europe%20v2%20-%20transparent.png\"},{\"@type\":\"BreadcrumbList\",\"@id\":\"https:\/\/fecbop.eu\/it\/qualita\/#breadcrumb\",\"itemListElement\":[{\"@type\":\"ListItem\",\"position\":1,\"name\":\"Home\",\"item\":\"https:\/\/fecbop.eu\/it\/fecbop\/\"},{\"@type\":\"ListItem\",\"position\":2,\"name\":\"Qualit\u00e0\"}]},{\"@type\":\"WebSite\",\"@id\":\"https:\/\/fecbop.eu\/#website\",\"url\":\"https:\/\/fecbop.eu\/\",\"name\":\"F\u00e9d\u00e9ration Europ\u00e9enne des Centres de Bilan et d'Orientation professionnelle (FECBOP)\",\"description\":\"European Federation of Centres of Career Guidance  and Bilan de Comp\u00e9tences \/ F\u00e9d\u00e9ration Europ\u00e9enne des Centres de Bilan et d&#039;Orientation Professionnelle\",\"publisher\":{\"@id\":\"https:\/\/fecbop.eu\/#organization\"},\"alternateName\":\"European Federation of Career Guidance and Bilan de Comp\u00e9tences (FECBOP)\",\"potentialAction\":[{\"@type\":\"SearchAction\",\"target\":{\"@type\":\"EntryPoint\",\"urlTemplate\":\"https:\/\/fecbop.eu\/?s={search_term_string}\"},\"query-input\":{\"@type\":\"PropertyValueSpecification\",\"valueRequired\":true,\"valueName\":\"search_term_string\"}}],\"inLanguage\":\"it-IT\"},{\"@type\":\"Organization\",\"@id\":\"https:\/\/fecbop.eu\/#organization\",\"name\":\"FECBOP - F\u00e9d\u00e9ration Europ\u00e9enne des Centres de Bilan et d'Orientation professionnelle \/ European Federation of Centres of Career Guidance and Bilan de Comp\u00e9tences\",\"url\":\"https:\/\/fecbop.eu\/\",\"logo\":{\"@type\":\"ImageObject\",\"inLanguage\":\"it-IT\",\"@id\":\"https:\/\/fecbop.eu\/#\/schema\/logo\/image\/\",\"url\":\"https:\/\/fecbop.eu\/wp-content\/uploads\/2009\/06\/fecbop.jpg\",\"contentUrl\":\"https:\/\/fecbop.eu\/wp-content\/uploads\/2009\/06\/fecbop.jpg\",\"width\":567,\"height\":387,\"caption\":\"FECBOP - F\u00e9d\u00e9ration Europ\u00e9enne des Centres de Bilan et d'Orientation professionnelle \/ European Federation of Centres of Career Guidance and Bilan de Comp\u00e9tences\"},\"image\":{\"@id\":\"https:\/\/fecbop.eu\/#\/schema\/logo\/image\/\"}}]}<\/script>\n<!-- \/ Yoast SEO plugin. -->","yoast_head_json":{"title":"Qualit\u00e0 - FECBOP","robots":{"index":"index","follow":"follow","max-snippet":"max-snippet:-1","max-image-preview":"max-image-preview:large","max-video-preview":"max-video-preview:-1"},"canonical":"https:\/\/fecbop.eu\/it\/qualita\/","og_locale":"it_IT","og_type":"article","og_title":"Qualit\u00e0 - FECBOP","og_description":"La garanzia di risposte adeguate alle necessit\u00e0 di individui ed organizzazioni di fronte all\u2019evoluzione del [&hellip;]","og_url":"https:\/\/fecbop.eu\/it\/qualita\/","og_site_name":"FECBOP","og_image":[{"url":"https:\/\/old.fecbop.eu\/images\/stories\/logo%20qualit%20europe%20v2%20-%20transparent.png","type":"","width":"","height":""}],"twitter_card":"summary_large_image","twitter_misc":{"Tempo di lettura stimato":"1 minuto"},"schema":{"@context":"https:\/\/schema.org","@graph":[{"@type":"WebPage","@id":"https:\/\/fecbop.eu\/it\/qualita\/","url":"https:\/\/fecbop.eu\/it\/qualita\/","name":"Qualit\u00e0 - FECBOP","isPartOf":{"@id":"https:\/\/fecbop.eu\/#website"},"primaryImageOfPage":{"@id":"https:\/\/fecbop.eu\/it\/qualita\/#primaryimage"},"image":{"@id":"https:\/\/fecbop.eu\/it\/qualita\/#primaryimage"},"thumbnailUrl":"https:\/\/old.fecbop.eu\/images\/stories\/logo%20qualit%20europe%20v2%20-%20transparent.png","datePublished":"2020-07-04T14:56:50+00:00","breadcrumb":{"@id":"https:\/\/fecbop.eu\/it\/qualita\/#breadcrumb"},"inLanguage":"it-IT","potentialAction":[{"@type":"ReadAction","target":["https:\/\/fecbop.eu\/it\/qualita\/"]}]},{"@type":"ImageObject","inLanguage":"it-IT","@id":"https:\/\/fecbop.eu\/it\/qualita\/#primaryimage","url":"https:\/\/old.fecbop.eu\/images\/stories\/logo%20qualit%20europe%20v2%20-%20transparent.png","contentUrl":"https:\/\/old.fecbop.eu\/images\/stories\/logo%20qualit%20europe%20v2%20-%20transparent.png"},{"@type":"BreadcrumbList","@id":"https:\/\/fecbop.eu\/it\/qualita\/#breadcrumb","itemListElement":[{"@type":"ListItem","position":1,"name":"Home","item":"https:\/\/fecbop.eu\/it\/fecbop\/"},{"@type":"ListItem","position":2,"name":"Qualit\u00e0"}]},{"@type":"WebSite","@id":"https:\/\/fecbop.eu\/#website","url":"https:\/\/fecbop.eu\/","name":"F\u00e9d\u00e9ration Europ\u00e9enne des Centres de Bilan et d'Orientation professionnelle (FECBOP)","description":"European Federation of Centres of Career Guidance  and Bilan de Comp\u00e9tences \/ F\u00e9d\u00e9ration Europ\u00e9enne des Centres de Bilan et d&#039;Orientation Professionnelle","publisher":{"@id":"https:\/\/fecbop.eu\/#organization"},"alternateName":"European Federation of Career Guidance and Bilan de Comp\u00e9tences (FECBOP)","potentialAction":[{"@type":"SearchAction","target":{"@type":"EntryPoint","urlTemplate":"https:\/\/fecbop.eu\/?s={search_term_string}"},"query-input":{"@type":"PropertyValueSpecification","valueRequired":true,"valueName":"search_term_string"}}],"inLanguage":"it-IT"},{"@type":"Organization","@id":"https:\/\/fecbop.eu\/#organization","name":"FECBOP - F\u00e9d\u00e9ration Europ\u00e9enne des Centres de Bilan et d'Orientation professionnelle \/ European Federation of Centres of Career Guidance and Bilan de Comp\u00e9tences","url":"https:\/\/fecbop.eu\/","logo":{"@type":"ImageObject","inLanguage":"it-IT","@id":"https:\/\/fecbop.eu\/#\/schema\/logo\/image\/","url":"https:\/\/fecbop.eu\/wp-content\/uploads\/2009\/06\/fecbop.jpg","contentUrl":"https:\/\/fecbop.eu\/wp-content\/uploads\/2009\/06\/fecbop.jpg","width":567,"height":387,"caption":"FECBOP - F\u00e9d\u00e9ration Europ\u00e9enne des Centres de Bilan et d'Orientation professionnelle \/ European Federation of Centres of Career Guidance and Bilan de Comp\u00e9tences"},"image":{"@id":"https:\/\/fecbop.eu\/#\/schema\/logo\/image\/"}}]}},"_links":{"self":[{"href":"https:\/\/fecbop.eu\/it\/wp-json\/wp\/v2\/pages\/958","targetHints":{"allow":["GET"]}}],"collection":[{"href":"https:\/\/fecbop.eu\/it\/wp-json\/wp\/v2\/pages"}],"about":[{"href":"https:\/\/fecbop.eu\/it\/wp-json\/wp\/v2\/types\/page"}],"author":[{"embeddable":true,"href":"https:\/\/fecbop.eu\/it\/wp-json\/wp\/v2\/users\/1"}],"replies":[{"embeddable":true,"href":"https:\/\/fecbop.eu\/it\/wp-json\/wp\/v2\/comments?post=958"}],"version-history":[{"count":1,"href":"https:\/\/fecbop.eu\/it\/wp-json\/wp\/v2\/pages\/958\/revisions"}],"predecessor-version":[{"id":960,"href":"https:\/\/fecbop.eu\/it\/wp-json\/wp\/v2\/pages\/958\/revisions\/960"}],"wp:attachment":[{"href":"https:\/\/fecbop.eu\/it\/wp-json\/wp\/v2\/media?parent=958"}],"curies":[{"name":"wp","href":"https:\/\/api.w.org\/{rel}","templated":true}]}}