{"id":955,"date":"2020-07-04T14:55:54","date_gmt":"2020-07-04T14:55:54","guid":{"rendered":"https:\/\/fecbop.eu\/?page_id=955"},"modified":"2021-03-03T08:01:34","modified_gmt":"2021-03-03T08:01:34","slug":"contatto","status":"publish","type":"page","link":"https:\/\/fecbop.eu\/it\/contatto\/","title":{"rendered":"Contatto"},"content":{"rendered":"<div id=\"right\">\n<div class=\"main\">\n<div id=\"page\">\n<h2 class=\"contentheading\">Contatto<\/h2>\n<h3><\/h3>\n<p>F\u00e9d\u00e9ration Europ\u00e9enne des Centres de Bilan et d&#8217;Orientation Professionnelle<br \/>\n26 rue de Paris<br \/>\n03200 VICHY &#8211; FRANCE<\/p>\n<p>T\u00e9l: +33 (0)4.70.98.12.83 &#8211; Fax: +33 (0)4.70.98.12.69<\/p>\n<p><a href=\"mailto:info@fecbop.eu\">info@fecbop.eu<\/a><\/p>\n<p>&nbsp;<\/p>\n<hr \/>\n<p>&nbsp;<\/p>\n<h3>Belgio<\/h3>\n<p>Jacques Hofmans<\/p>\n<p>LABORATOIRE D&#8217;ERGOLOGIE APPLIQUEE<\/p>\n<p>39 Boulevard du Triomphe, 1160 Bruxelles<\/p>\n<p>Tel.: +32 (0)2 \/ 648 75 59<br \/>\nFax: +32 (0)2 \/ 640 84 14<\/p>\n<p><a href=\"mailto:jacques.hofmans@ergologie.org\">jacques.hofmans@ergologie.org<\/a><\/p>\n<p>&nbsp;<\/p>\n<hr \/>\n<p>&nbsp;<\/p>\n<h3>Germania<\/h3>\n<p>Stefan Breymann, Dr. Regina Hentschel<\/p>\n<p>BILDUNGSINSTITUT PSCHERER GGMBH<\/p>\n<p>Reichenbacher Strasse 39 &#8211; D-08485 Lengenfeld<br \/>\nTel.: 0049 37606 390<br \/>\nFax: 0049 37639 100<\/p>\n<p><a href=\"mailto:sbr@pscherer-online.de\">sbr@pscherer-online.de<\/a><\/p>\n<hr \/>\n<p>&nbsp;<\/p>\n<h3>Italia<\/h3>\n<p>Silvana Rasello<\/p>\n<p>CIOFS FP Piemonte<\/p>\n<p>Piazza Maria Ausiliatrice, 27<\/p>\n<p>10152 Torino<\/p>\n<p>Tel.: +39 01\/5211773<\/p>\n<p>E-mail: <a href=\"mailto:direzione.sede-coord@ciofs.net\">direzione.sede-coord@ciofs.net<\/a>; <a href=\"mailto:orientamento.sr@ciofs.net\">orientamento.sr@ciofs.net<\/a><\/p>\n<p>Sito: <a href=\"http:\/\/www.ciofs.net\">http:\/\/www.ciofs.net<\/a>;<a href=\"http:\/\/www.centrobilco.it\">http:\/\/www.centrobilco.it<\/a><\/p>\n<p>&nbsp;<\/p>\n<p>Stefano Bogatto<\/p>\n<p>Bic_\u00f2 \u2013 G. Veronesi<\/p>\n<p>Piazvia Zeni, 8<\/p>\n<p>38068 Rovereto<\/p>\n<p>Tel.: +39 0461030172 &#8211; +39 3458886115<\/p>\n<p>E-mail: <a href=\"mailto:stefano.bogatto@yahoo.it\">stefano.bogatto@yahoo.it<\/a><\/p>\n<p>Sito: <a href=\"http:\/\/www.cfpgveronesi.it\">www.cfpgveronesi.it<\/a><\/p>\n<p>&nbsp;<\/p>\n<hr \/>\n<p>&nbsp;<\/p>\n<h3>Slovacchia<\/h3>\n<h3>BKS Uspech<\/h3>\n<p>\u010cierny chodn\u00edk 29\/1SK-831 07 Bratislava<\/p>\n<p>+ 421 (2) 44 630 704-6; +421 903 22 40 50<\/p>\n<p>uspech(a)bksuspech.sk<\/p>\n<p><a href=\"https:\/\/bksuspech.sk\/kontakt\/\">https:\/\/bksuspech.sk\/kontakt\/<\/a><\/p>\n<p>&nbsp;<\/p>\n<hr \/>\n<p>&nbsp;<\/p>\n<h3>Repubblica Ceca<\/h3>\n<h3>Asociace bilan\u010dn\u00ed diagnostiky<\/h3>\n<p>Trojmezn\u00ed 177\/51, 190 00 Praha 9<\/p>\n<p>REPUBLIQUE TCHEQUE<br \/>\nbdg(a)nvf.cz<\/p>\n<p><a href=\"http:\/\/www.asociace-bilancni-diagnostiky.cz\/\">http:\/\/www.asociace-bilancni-diagnostiky.cz<\/a><\/p>\n<p>&nbsp;<\/p>\n<hr \/>\n<p>&nbsp;<\/p>\n<\/div>\n<\/div>\n<\/div>\n<div class=\"clearfix\"><\/div>\n<div id=\"bottom\"><\/div>\n","protected":false},"excerpt":{"rendered":"<p>Contatto F\u00e9d\u00e9ration Europ\u00e9enne des Centres de Bilan et d&#8217;Orientation Professionnelle 26 rue de Paris 03200 [&hellip;]<\/p>\n","protected":false},"author":1,"featured_media":0,"parent":0,"menu_order":0,"comment_status":"closed","ping_status":"closed","template":"","meta":{"footnotes":""},"class_list":["post-955","page","type-page","status-publish","hentry"],"yoast_head":"<!-- This site is optimized with the Yoast SEO plugin v26.5 - https:\/\/yoast.com\/wordpress\/plugins\/seo\/ -->\n<title>Contatto - FECBOP<\/title>\n<meta name=\"robots\" content=\"index, follow, max-snippet:-1, max-image-preview:large, max-video-preview:-1\" \/>\n<link rel=\"canonical\" href=\"https:\/\/fecbop.eu\/it\/contatto\/\" \/>\n<meta property=\"og:locale\" content=\"it_IT\" \/>\n<meta property=\"og:type\" content=\"article\" \/>\n<meta property=\"og:title\" content=\"Contatto - FECBOP\" \/>\n<meta property=\"og:description\" content=\"Contatto F\u00e9d\u00e9ration Europ\u00e9enne des Centres de Bilan et d&#8217;Orientation Professionnelle 26 rue de Paris 03200 [&hellip;]\" \/>\n<meta property=\"og:url\" content=\"https:\/\/fecbop.eu\/it\/contatto\/\" \/>\n<meta property=\"og:site_name\" content=\"FECBOP\" \/>\n<meta property=\"article:modified_time\" content=\"2021-03-03T08:01:34+00:00\" \/>\n<meta property=\"og:image\" content=\"https:\/\/fecbop.eu\/wp-content\/uploads\/2009\/06\/fecbop.jpg\" \/>\n\t<meta property=\"og:image:width\" content=\"567\" \/>\n\t<meta property=\"og:image:height\" content=\"387\" \/>\n\t<meta property=\"og:image:type\" content=\"image\/jpeg\" \/>\n<meta name=\"twitter:card\" content=\"summary_large_image\" \/>\n<meta name=\"twitter:label1\" content=\"Tempo di lettura stimato\" \/>\n\t<meta name=\"twitter:data1\" content=\"1 minuto\" \/>\n<script type=\"application\/ld+json\" class=\"yoast-schema-graph\">{\"@context\":\"https:\/\/schema.org\",\"@graph\":[{\"@type\":\"WebPage\",\"@id\":\"https:\/\/fecbop.eu\/it\/contatto\/\",\"url\":\"https:\/\/fecbop.eu\/it\/contatto\/\",\"name\":\"Contatto - FECBOP\",\"isPartOf\":{\"@id\":\"https:\/\/fecbop.eu\/#website\"},\"datePublished\":\"2020-07-04T14:55:54+00:00\",\"dateModified\":\"2021-03-03T08:01:34+00:00\",\"breadcrumb\":{\"@id\":\"https:\/\/fecbop.eu\/it\/contatto\/#breadcrumb\"},\"inLanguage\":\"it-IT\",\"potentialAction\":[{\"@type\":\"ReadAction\",\"target\":[\"https:\/\/fecbop.eu\/it\/contatto\/\"]}]},{\"@type\":\"BreadcrumbList\",\"@id\":\"https:\/\/fecbop.eu\/it\/contatto\/#breadcrumb\",\"itemListElement\":[{\"@type\":\"ListItem\",\"position\":1,\"name\":\"Home\",\"item\":\"https:\/\/fecbop.eu\/it\/fecbop\/\"},{\"@type\":\"ListItem\",\"position\":2,\"name\":\"Contatto\"}]},{\"@type\":\"WebSite\",\"@id\":\"https:\/\/fecbop.eu\/#website\",\"url\":\"https:\/\/fecbop.eu\/\",\"name\":\"F\u00e9d\u00e9ration Europ\u00e9enne des Centres de Bilan et d'Orientation professionnelle (FECBOP)\",\"description\":\"European Federation of Centres of Career Guidance  and Bilan de Comp\u00e9tences \/ F\u00e9d\u00e9ration Europ\u00e9enne des Centres de Bilan et d&#039;Orientation Professionnelle\",\"publisher\":{\"@id\":\"https:\/\/fecbop.eu\/#organization\"},\"alternateName\":\"European Federation of Career Guidance and Bilan de Comp\u00e9tences (FECBOP)\",\"potentialAction\":[{\"@type\":\"SearchAction\",\"target\":{\"@type\":\"EntryPoint\",\"urlTemplate\":\"https:\/\/fecbop.eu\/?s={search_term_string}\"},\"query-input\":{\"@type\":\"PropertyValueSpecification\",\"valueRequired\":true,\"valueName\":\"search_term_string\"}}],\"inLanguage\":\"it-IT\"},{\"@type\":\"Organization\",\"@id\":\"https:\/\/fecbop.eu\/#organization\",\"name\":\"FECBOP - F\u00e9d\u00e9ration Europ\u00e9enne des Centres de Bilan et d'Orientation professionnelle \/ European Federation of Centres of Career Guidance and Bilan de Comp\u00e9tences\",\"url\":\"https:\/\/fecbop.eu\/\",\"logo\":{\"@type\":\"ImageObject\",\"inLanguage\":\"it-IT\",\"@id\":\"https:\/\/fecbop.eu\/#\/schema\/logo\/image\/\",\"url\":\"https:\/\/fecbop.eu\/wp-content\/uploads\/2009\/06\/fecbop.jpg\",\"contentUrl\":\"https:\/\/fecbop.eu\/wp-content\/uploads\/2009\/06\/fecbop.jpg\",\"width\":567,\"height\":387,\"caption\":\"FECBOP - F\u00e9d\u00e9ration Europ\u00e9enne des Centres de Bilan et d'Orientation professionnelle \/ European Federation of Centres of Career Guidance and Bilan de Comp\u00e9tences\"},\"image\":{\"@id\":\"https:\/\/fecbop.eu\/#\/schema\/logo\/image\/\"}}]}<\/script>\n<!-- \/ Yoast SEO plugin. -->","yoast_head_json":{"title":"Contatto - FECBOP","robots":{"index":"index","follow":"follow","max-snippet":"max-snippet:-1","max-image-preview":"max-image-preview:large","max-video-preview":"max-video-preview:-1"},"canonical":"https:\/\/fecbop.eu\/it\/contatto\/","og_locale":"it_IT","og_type":"article","og_title":"Contatto - FECBOP","og_description":"Contatto F\u00e9d\u00e9ration Europ\u00e9enne des Centres de Bilan et d&#8217;Orientation Professionnelle 26 rue de Paris 03200 [&hellip;]","og_url":"https:\/\/fecbop.eu\/it\/contatto\/","og_site_name":"FECBOP","article_modified_time":"2021-03-03T08:01:34+00:00","og_image":[{"width":567,"height":387,"url":"https:\/\/fecbop.eu\/wp-content\/uploads\/2009\/06\/fecbop.jpg","type":"image\/jpeg"}],"twitter_card":"summary_large_image","twitter_misc":{"Tempo di lettura stimato":"1 minuto"},"schema":{"@context":"https:\/\/schema.org","@graph":[{"@type":"WebPage","@id":"https:\/\/fecbop.eu\/it\/contatto\/","url":"https:\/\/fecbop.eu\/it\/contatto\/","name":"Contatto - FECBOP","isPartOf":{"@id":"https:\/\/fecbop.eu\/#website"},"datePublished":"2020-07-04T14:55:54+00:00","dateModified":"2021-03-03T08:01:34+00:00","breadcrumb":{"@id":"https:\/\/fecbop.eu\/it\/contatto\/#breadcrumb"},"inLanguage":"it-IT","potentialAction":[{"@type":"ReadAction","target":["https:\/\/fecbop.eu\/it\/contatto\/"]}]},{"@type":"BreadcrumbList","@id":"https:\/\/fecbop.eu\/it\/contatto\/#breadcrumb","itemListElement":[{"@type":"ListItem","position":1,"name":"Home","item":"https:\/\/fecbop.eu\/it\/fecbop\/"},{"@type":"ListItem","position":2,"name":"Contatto"}]},{"@type":"WebSite","@id":"https:\/\/fecbop.eu\/#website","url":"https:\/\/fecbop.eu\/","name":"F\u00e9d\u00e9ration Europ\u00e9enne des Centres de Bilan et d'Orientation professionnelle (FECBOP)","description":"European Federation of Centres of Career Guidance  and Bilan de Comp\u00e9tences \/ F\u00e9d\u00e9ration Europ\u00e9enne des Centres de Bilan et d&#039;Orientation Professionnelle","publisher":{"@id":"https:\/\/fecbop.eu\/#organization"},"alternateName":"European Federation of Career Guidance and Bilan de Comp\u00e9tences (FECBOP)","potentialAction":[{"@type":"SearchAction","target":{"@type":"EntryPoint","urlTemplate":"https:\/\/fecbop.eu\/?s={search_term_string}"},"query-input":{"@type":"PropertyValueSpecification","valueRequired":true,"valueName":"search_term_string"}}],"inLanguage":"it-IT"},{"@type":"Organization","@id":"https:\/\/fecbop.eu\/#organization","name":"FECBOP - F\u00e9d\u00e9ration Europ\u00e9enne des Centres de Bilan et d'Orientation professionnelle \/ European Federation of Centres of Career Guidance and Bilan de Comp\u00e9tences","url":"https:\/\/fecbop.eu\/","logo":{"@type":"ImageObject","inLanguage":"it-IT","@id":"https:\/\/fecbop.eu\/#\/schema\/logo\/image\/","url":"https:\/\/fecbop.eu\/wp-content\/uploads\/2009\/06\/fecbop.jpg","contentUrl":"https:\/\/fecbop.eu\/wp-content\/uploads\/2009\/06\/fecbop.jpg","width":567,"height":387,"caption":"FECBOP - F\u00e9d\u00e9ration Europ\u00e9enne des Centres de Bilan et d'Orientation professionnelle \/ European Federation of Centres of Career Guidance and Bilan de Comp\u00e9tences"},"image":{"@id":"https:\/\/fecbop.eu\/#\/schema\/logo\/image\/"}}]}},"_links":{"self":[{"href":"https:\/\/fecbop.eu\/it\/wp-json\/wp\/v2\/pages\/955","targetHints":{"allow":["GET"]}}],"collection":[{"href":"https:\/\/fecbop.eu\/it\/wp-json\/wp\/v2\/pages"}],"about":[{"href":"https:\/\/fecbop.eu\/it\/wp-json\/wp\/v2\/types\/page"}],"author":[{"embeddable":true,"href":"https:\/\/fecbop.eu\/it\/wp-json\/wp\/v2\/users\/1"}],"replies":[{"embeddable":true,"href":"https:\/\/fecbop.eu\/it\/wp-json\/wp\/v2\/comments?post=955"}],"version-history":[{"count":3,"href":"https:\/\/fecbop.eu\/it\/wp-json\/wp\/v2\/pages\/955\/revisions"}],"predecessor-version":[{"id":1106,"href":"https:\/\/fecbop.eu\/it\/wp-json\/wp\/v2\/pages\/955\/revisions\/1106"}],"wp:attachment":[{"href":"https:\/\/fecbop.eu\/it\/wp-json\/wp\/v2\/media?parent=955"}],"curies":[{"name":"wp","href":"https:\/\/api.w.org\/{rel}","templated":true}]}}