{"id":472,"date":"2020-03-28T16:46:39","date_gmt":"2020-03-28T16:46:39","guid":{"rendered":"https:\/\/fecbop.eu\/?page_id=472"},"modified":"2020-03-29T07:46:23","modified_gmt":"2020-03-29T07:46:23","slug":"objectives","status":"publish","type":"page","link":"https:\/\/fecbop.eu\/fr\/qui-sommes-nous\/objectives\/","title":{"rendered":"Objectifs"},"content":{"rendered":"<p>The goal of the FECBOP goal is to promote the practice of the\u00a0<em>bilan de comp\u00e9tences<\/em>\u00a0and career guidance throughout life. Its mission is:<\/p>\n<ul>\n<li>Through the creation of the European network,\u00a0<strong>represent<\/strong>\u00a0all the centers\u00a0<em>bilan de comp\u00e9tences\u00a0<\/em>and career guidance with the<strong>\u00a0European institutions, social and economic partners<\/strong>\u00a0in the field of lifelong learning and career guidance.<\/li>\n<li><strong>Assure the quality<\/strong>\u00a0of the\u00a0<em>bilan de comp\u00e9tences<\/em>\u00a0and career guidance by awarding the quality label.<\/li>\n<li><strong>Initiate research and studies<\/strong>, particularly in the context of the European lifelong learning strategies.<\/li>\n<li>Help the\u00a0<strong>consolidation<\/strong>\u00a0of the centres of career guidance within<strong>\u00a0national networks<\/strong>.<\/li>\n<li><strong>Develop\u00a0<\/strong>an international cooperation for\u00a0<strong>promoting the professionalism<\/strong>\u00a0and the development of career guidance centers.<\/li>\n<\/ul>\n","protected":false},"excerpt":{"rendered":"<p>The goal of the FECBOP goal is to promote the practice of the\u00a0bilan de comp\u00e9tences\u00a0and [&hellip;]<\/p>\n","protected":false},"author":1,"featured_media":0,"parent":444,"menu_order":0,"comment_status":"closed","ping_status":"closed","template":"","meta":{"footnotes":""},"class_list":["post-472","page","type-page","status-publish","hentry"],"yoast_head":"<!-- This site is optimized with the Yoast SEO plugin v26.5 - https:\/\/yoast.com\/wordpress\/plugins\/seo\/ -->\n<title>Objectifs - FECBOP<\/title>\n<meta name=\"robots\" content=\"index, follow, max-snippet:-1, max-image-preview:large, max-video-preview:-1\" \/>\n<link rel=\"canonical\" href=\"https:\/\/fecbop.eu\/fr\/qui-sommes-nous\/objectives\/\" \/>\n<meta property=\"og:locale\" content=\"fr_FR\" \/>\n<meta property=\"og:type\" content=\"article\" \/>\n<meta property=\"og:title\" content=\"Objectifs - FECBOP\" \/>\n<meta property=\"og:description\" content=\"The goal of the FECBOP goal is to promote the practice of the\u00a0bilan de comp\u00e9tences\u00a0and [&hellip;]\" \/>\n<meta property=\"og:url\" content=\"https:\/\/fecbop.eu\/fr\/qui-sommes-nous\/objectives\/\" \/>\n<meta property=\"og:site_name\" content=\"FECBOP\" \/>\n<meta property=\"article:modified_time\" content=\"2020-03-29T07:46:23+00:00\" \/>\n<meta property=\"og:image\" content=\"https:\/\/fecbop.eu\/wp-content\/uploads\/2009\/06\/fecbop.jpg\" \/>\n\t<meta property=\"og:image:width\" content=\"567\" \/>\n\t<meta property=\"og:image:height\" content=\"387\" \/>\n\t<meta property=\"og:image:type\" content=\"image\/jpeg\" \/>\n<meta name=\"twitter:card\" content=\"summary_large_image\" \/>\n<meta name=\"twitter:label1\" content=\"Dur\u00e9e de lecture estim\u00e9e\" \/>\n\t<meta name=\"twitter:data1\" content=\"1 minute\" \/>\n<script type=\"application\/ld+json\" class=\"yoast-schema-graph\">{\"@context\":\"https:\/\/schema.org\",\"@graph\":[{\"@type\":\"WebPage\",\"@id\":\"https:\/\/fecbop.eu\/fr\/qui-sommes-nous\/objectives\/\",\"url\":\"https:\/\/fecbop.eu\/fr\/qui-sommes-nous\/objectives\/\",\"name\":\"Objectifs - FECBOP\",\"isPartOf\":{\"@id\":\"https:\/\/fecbop.eu\/#website\"},\"datePublished\":\"2020-03-28T16:46:39+00:00\",\"dateModified\":\"2020-03-29T07:46:23+00:00\",\"breadcrumb\":{\"@id\":\"https:\/\/fecbop.eu\/fr\/qui-sommes-nous\/objectives\/#breadcrumb\"},\"inLanguage\":\"fr-FR\",\"potentialAction\":[{\"@type\":\"ReadAction\",\"target\":[\"https:\/\/fecbop.eu\/fr\/qui-sommes-nous\/objectives\/\"]}]},{\"@type\":\"BreadcrumbList\",\"@id\":\"https:\/\/fecbop.eu\/fr\/qui-sommes-nous\/objectives\/#breadcrumb\",\"itemListElement\":[{\"@type\":\"ListItem\",\"position\":1,\"name\":\"Home\",\"item\":\"https:\/\/fecbop.eu\/fr\/fecbop\/\"},{\"@type\":\"ListItem\",\"position\":2,\"name\":\"Qui sommes-nous\",\"item\":\"https:\/\/fecbop.eu\/fr\/qui-sommes-nous\/\"},{\"@type\":\"ListItem\",\"position\":3,\"name\":\"Objectifs\"}]},{\"@type\":\"WebSite\",\"@id\":\"https:\/\/fecbop.eu\/#website\",\"url\":\"https:\/\/fecbop.eu\/\",\"name\":\"F\u00e9d\u00e9ration Europ\u00e9enne des Centres de Bilan et d'Orientation professionnelle (FECBOP)\",\"description\":\"European Federation of Centres of Career Guidance  and Bilan de Comp\u00e9tences \/ F\u00e9d\u00e9ration Europ\u00e9enne des Centres de Bilan et d&#039;Orientation Professionnelle\",\"publisher\":{\"@id\":\"https:\/\/fecbop.eu\/#organization\"},\"alternateName\":\"European Federation of Career Guidance and Bilan de Comp\u00e9tences (FECBOP)\",\"potentialAction\":[{\"@type\":\"SearchAction\",\"target\":{\"@type\":\"EntryPoint\",\"urlTemplate\":\"https:\/\/fecbop.eu\/?s={search_term_string}\"},\"query-input\":{\"@type\":\"PropertyValueSpecification\",\"valueRequired\":true,\"valueName\":\"search_term_string\"}}],\"inLanguage\":\"fr-FR\"},{\"@type\":\"Organization\",\"@id\":\"https:\/\/fecbop.eu\/#organization\",\"name\":\"FECBOP - F\u00e9d\u00e9ration Europ\u00e9enne des Centres de Bilan et d'Orientation professionnelle \/ European Federation of Centres of Career Guidance and Bilan de Comp\u00e9tences\",\"url\":\"https:\/\/fecbop.eu\/\",\"logo\":{\"@type\":\"ImageObject\",\"inLanguage\":\"fr-FR\",\"@id\":\"https:\/\/fecbop.eu\/#\/schema\/logo\/image\/\",\"url\":\"https:\/\/fecbop.eu\/wp-content\/uploads\/2009\/06\/fecbop.jpg\",\"contentUrl\":\"https:\/\/fecbop.eu\/wp-content\/uploads\/2009\/06\/fecbop.jpg\",\"width\":567,\"height\":387,\"caption\":\"FECBOP - F\u00e9d\u00e9ration Europ\u00e9enne des Centres de Bilan et d'Orientation professionnelle \/ European Federation of Centres of Career Guidance and Bilan de Comp\u00e9tences\"},\"image\":{\"@id\":\"https:\/\/fecbop.eu\/#\/schema\/logo\/image\/\"}}]}<\/script>\n<!-- \/ Yoast SEO plugin. -->","yoast_head_json":{"title":"Objectifs - FECBOP","robots":{"index":"index","follow":"follow","max-snippet":"max-snippet:-1","max-image-preview":"max-image-preview:large","max-video-preview":"max-video-preview:-1"},"canonical":"https:\/\/fecbop.eu\/fr\/qui-sommes-nous\/objectives\/","og_locale":"fr_FR","og_type":"article","og_title":"Objectifs - FECBOP","og_description":"The goal of the FECBOP goal is to promote the practice of the\u00a0bilan de comp\u00e9tences\u00a0and [&hellip;]","og_url":"https:\/\/fecbop.eu\/fr\/qui-sommes-nous\/objectives\/","og_site_name":"FECBOP","article_modified_time":"2020-03-29T07:46:23+00:00","og_image":[{"width":567,"height":387,"url":"https:\/\/fecbop.eu\/wp-content\/uploads\/2009\/06\/fecbop.jpg","type":"image\/jpeg"}],"twitter_card":"summary_large_image","twitter_misc":{"Dur\u00e9e de lecture estim\u00e9e":"1 minute"},"schema":{"@context":"https:\/\/schema.org","@graph":[{"@type":"WebPage","@id":"https:\/\/fecbop.eu\/fr\/qui-sommes-nous\/objectives\/","url":"https:\/\/fecbop.eu\/fr\/qui-sommes-nous\/objectives\/","name":"Objectifs - FECBOP","isPartOf":{"@id":"https:\/\/fecbop.eu\/#website"},"datePublished":"2020-03-28T16:46:39+00:00","dateModified":"2020-03-29T07:46:23+00:00","breadcrumb":{"@id":"https:\/\/fecbop.eu\/fr\/qui-sommes-nous\/objectives\/#breadcrumb"},"inLanguage":"fr-FR","potentialAction":[{"@type":"ReadAction","target":["https:\/\/fecbop.eu\/fr\/qui-sommes-nous\/objectives\/"]}]},{"@type":"BreadcrumbList","@id":"https:\/\/fecbop.eu\/fr\/qui-sommes-nous\/objectives\/#breadcrumb","itemListElement":[{"@type":"ListItem","position":1,"name":"Home","item":"https:\/\/fecbop.eu\/fr\/fecbop\/"},{"@type":"ListItem","position":2,"name":"Qui sommes-nous","item":"https:\/\/fecbop.eu\/fr\/qui-sommes-nous\/"},{"@type":"ListItem","position":3,"name":"Objectifs"}]},{"@type":"WebSite","@id":"https:\/\/fecbop.eu\/#website","url":"https:\/\/fecbop.eu\/","name":"F\u00e9d\u00e9ration Europ\u00e9enne des Centres de Bilan et d'Orientation professionnelle (FECBOP)","description":"European Federation of Centres of Career Guidance  and Bilan de Comp\u00e9tences \/ F\u00e9d\u00e9ration Europ\u00e9enne des Centres de Bilan et d&#039;Orientation Professionnelle","publisher":{"@id":"https:\/\/fecbop.eu\/#organization"},"alternateName":"European Federation of Career Guidance and Bilan de Comp\u00e9tences (FECBOP)","potentialAction":[{"@type":"SearchAction","target":{"@type":"EntryPoint","urlTemplate":"https:\/\/fecbop.eu\/?s={search_term_string}"},"query-input":{"@type":"PropertyValueSpecification","valueRequired":true,"valueName":"search_term_string"}}],"inLanguage":"fr-FR"},{"@type":"Organization","@id":"https:\/\/fecbop.eu\/#organization","name":"FECBOP - F\u00e9d\u00e9ration Europ\u00e9enne des Centres de Bilan et d'Orientation professionnelle \/ European Federation of Centres of Career Guidance and Bilan de Comp\u00e9tences","url":"https:\/\/fecbop.eu\/","logo":{"@type":"ImageObject","inLanguage":"fr-FR","@id":"https:\/\/fecbop.eu\/#\/schema\/logo\/image\/","url":"https:\/\/fecbop.eu\/wp-content\/uploads\/2009\/06\/fecbop.jpg","contentUrl":"https:\/\/fecbop.eu\/wp-content\/uploads\/2009\/06\/fecbop.jpg","width":567,"height":387,"caption":"FECBOP - F\u00e9d\u00e9ration Europ\u00e9enne des Centres de Bilan et d'Orientation professionnelle \/ European Federation of Centres of Career Guidance and Bilan de Comp\u00e9tences"},"image":{"@id":"https:\/\/fecbop.eu\/#\/schema\/logo\/image\/"}}]}},"_links":{"self":[{"href":"https:\/\/fecbop.eu\/fr\/wp-json\/wp\/v2\/pages\/472","targetHints":{"allow":["GET"]}}],"collection":[{"href":"https:\/\/fecbop.eu\/fr\/wp-json\/wp\/v2\/pages"}],"about":[{"href":"https:\/\/fecbop.eu\/fr\/wp-json\/wp\/v2\/types\/page"}],"author":[{"embeddable":true,"href":"https:\/\/fecbop.eu\/fr\/wp-json\/wp\/v2\/users\/1"}],"replies":[{"embeddable":true,"href":"https:\/\/fecbop.eu\/fr\/wp-json\/wp\/v2\/comments?post=472"}],"version-history":[{"count":3,"href":"https:\/\/fecbop.eu\/fr\/wp-json\/wp\/v2\/pages\/472\/revisions"}],"predecessor-version":[{"id":691,"href":"https:\/\/fecbop.eu\/fr\/wp-json\/wp\/v2\/pages\/472\/revisions\/691"}],"up":[{"embeddable":true,"href":"https:\/\/fecbop.eu\/fr\/wp-json\/wp\/v2\/pages\/444"}],"wp:attachment":[{"href":"https:\/\/fecbop.eu\/fr\/wp-json\/wp\/v2\/media?parent=472"}],"curies":[{"name":"wp","href":"https:\/\/api.w.org\/{rel}","templated":true}]}}