{"id":462,"date":"2020-03-28T16:41:00","date_gmt":"2020-03-28T16:41:00","guid":{"rendered":"https:\/\/fecbop.eu\/?page_id=462"},"modified":"2020-03-29T08:40:26","modified_gmt":"2020-03-29T08:40:26","slug":"actualites","status":"publish","type":"page","link":"https:\/\/fecbop.eu\/fr\/actualites\/","title":{"rendered":"Actualit\u00e9s"},"content":{"rendered":"<div class=\"fusion-fullwidth fullwidth-box nonhundred-percent-fullwidth non-hundred-percent-height-scrolling\"  style='background-color: rgba(255,255,255,0);background-position: center center;background-repeat: no-repeat;padding-top:0px;padding-right:0px;padding-bottom:0px;padding-left:0px;'><div class=\"fusion-builder-row fusion-row \"><div  class=\"fusion-layout-column fusion_builder_column fusion_builder_column_1_1 fusion-builder-column-1 fusion-one-full fusion-column-first fusion-column-last 1_1\"  style='margin-top:0px;margin-bottom:20px;'>\n\t\t\t\t\t<div class=\"fusion-column-wrapper\" style=\"padding: 0px 0px 0px 0px;background-position:left top;background-repeat:no-repeat;-webkit-background-size:cover;-moz-background-size:cover;-o-background-size:cover;background-size:cover;\"   data-bg-url=\"\">\n\t\t\t\t\t\t<div class=\"fusion-blog-shortcode fusion-blog-shortcode-1 fusion-blog-archive fusion-blog-layout-medium fusion-blog-pagination\"><div class=\"fusion-posts-container fusion-posts-container-pagination fusion-no-meta-info\" data-pages=\"3\"><article id=\"blog-1-post-1266\" class=\"fusion-post-medium post-1266 post type-post status-publish format-standard hentry category-actualites category-bilan-en-europe\">\n\t<style type=\"text\/css\">\n\t\t\n\t\t\n\t\t\n\t\t\n\t\t\t<\/style>\n\n\n<div class=\"fusion-post-content post-content\"><h2 class=\"blog-shortcode-post-title entry-title\"><a href=\"https:\/\/fecbop.eu\/fr\/pour-la-preservation-et-le-renforcement-du-bilan-de-competences-en-europe\/\">Pour la pr\u00e9servation et le renforcement du Bilan de Comp\u00e9tences en Europe<\/a><\/h2><div class=\"fusion-post-content-container\"><p>Depuis pr\u00e8s de quarante ans, le bilan de comp\u00e9tences s\u2019impose comme l\u2019un des dispositifs les plus puissants pour aider les citoyens europ\u00e9ens \u00e0 comprendre leur parcours,valoriser leurs comp\u00e9tences et leur talents et se r\u00e9orienter dans un monde du travail en mutation. N\u00e9 en France en 1986 et int\u00e9gr\u00e9 au Code [...]<\/p><\/div><\/div><div class=\"fusion-clearfix\"><\/div><\/article>\n<article id=\"blog-1-post-1269\" class=\"fusion-post-medium post-1269 post type-post status-publish format-standard hentry category-assemblees-generales\">\n\t<style type=\"text\/css\">\n\t\t\n\t\t\n\t\t\n\t\t\n\t\t\t<\/style>\n\n\n<div class=\"fusion-post-content post-content\"><h2 class=\"blog-shortcode-post-title entry-title\"><a href=\"https:\/\/fecbop.eu\/fr\/assemblee-generale-de-la-fecbop-a-bratislava-un-reseau-europeen-en-mouvement\/\">Assembl\u00e9e g\u00e9n\u00e9rale de la FECBOP \u00e0 Bratislava : un r\u00e9seau europ\u00e9en en mouvement<\/a><\/h2><div class=\"fusion-post-content-container\"><p>Le 13 mars 2025, les membres de la F\u00e9d\u00e9ration Europ\u00e9enne des Centres de Bilan et d\u2019Orientation Professionnelle (FECBOP) se sont r\u00e9unis \u00e0 Bratislava pour leur Assembl\u00e9e g\u00e9n\u00e9rale annuelle. Cette rencontre, conviviale et studieuse \u00e0 la fois, a rassembl\u00e9 des repr\u00e9sentants de sept pays : France, Italie, Slovaquie, Belgique, Espagne, Hongrie [...]<\/p><\/div><\/div><div class=\"fusion-clearfix\"><\/div><\/article>\n<article id=\"blog-1-post-1247\" class=\"fusion-post-medium post-1247 post type-post status-publish format-standard hentry category-non-classifiee\">\n\t<style type=\"text\/css\">\n\t\t\n\t\t\n\t\t\n\t\t\n\t\t\t<\/style>\n\n\n<div class=\"fusion-post-content post-content\"><h2 class=\"blog-shortcode-post-title entry-title\"><a href=\"https:\/\/fecbop.eu\/fr\/les-audits-de-renouvellement-fecbop-demontrent-une-dynamique-positive-dans-la-region-de-piemont\/\">Les audits de renouvellement FECBOP d\u00e9montrent une dynamique positive dans la r\u00e9gion de Piemont<\/a><\/h2><div class=\"fusion-post-content-container\"><p>Du 8 au 10 avril 2024, la FECBOP a r\u00e9alis\u00e9 3 audits pour le renouvellement du label de qualit\u00e9 \u00ab Qualit\u00e9 Europe Bilan de Comp\u00e9tences \u00bb dans trois organismes membres fondateurs de la FECBOP : CIOFS, ENGIM and EnAIP. Ces audits d\u00e9montrent un d\u00e9veloppement tr\u00e8s dynamique au niveau r\u00e9gional dans [...]<\/p><\/div><\/div><div class=\"fusion-clearfix\"><\/div><\/article>\n<article id=\"blog-1-post-1185\" class=\"fusion-post-medium post-1185 post type-post status-publish format-standard hentry category-assemblees-generales\">\n\t<style type=\"text\/css\">\n\t\t\n\t\t\n\t\t\n\t\t\n\t\t\t<\/style>\n\n\n<div class=\"fusion-post-content post-content\"><h2 class=\"blog-shortcode-post-title entry-title\"><a href=\"https:\/\/fecbop.eu\/fr\/assemblee-generale-2022\/\">Assembl\u00e9e G\u00e9n\u00e9rale 2022<\/a><\/h2><div class=\"fusion-post-content-container\"><p>L'Assembl\u00e9e G\u00e9n\u00e9rale de la FECBOP s'est tenue le 29\/09\/2023. Les contribution suivante ont \u00e9t\u00e9 presentat\u00e9es: Bilans de Comp\u00e9tences \/ Conseil en Evolution professionnelle : des dispositifs d'accompagnement au service de transitions justes. A la crois\u00e9e des enjeux de justice sociale et d'\u00e9volution des organisations. Philippe Cottet, FN CIBC (FR) L'Inplacement [...]<\/p><\/div><\/div><div class=\"fusion-clearfix\"><\/div><\/article>\n<article id=\"blog-1-post-916\" class=\"fusion-post-medium post-916 post type-post status-publish format-standard hentry category-assemblees-generales\">\n\t<style type=\"text\/css\">\n\t\t\n\t\t\n\t\t\n\t\t\n\t\t\t<\/style>\n\n\n<div class=\"fusion-post-content post-content\"><h2 class=\"blog-shortcode-post-title entry-title\"><a href=\"https:\/\/fecbop.eu\/fr\/assemblee-generale-juin-2019\/\">Assembl\u00e9e G\u00e9n\u00e9rale Juin 2019<\/a><\/h2><div class=\"fusion-post-content-container\"><p>L'Assembl\u00e9e G\u00e9n\u00e9rale 2019 s'est tenue \u00e0 Paris le 19 Juin 2019. La FECBOP a les membres dans 11 pays. 6 audits qualit\u00e9s ont \u00e9t\u00e9 r\u00e9alis\u00e9s en 2018. L\u2019activit\u00e9 de bilan de comp\u00e9tences continue dans plusieurs pays de l\u2019Europe centrale et orientale, notamment en Slovaquie (projet des services publics d\u2019emploi: 30 [...]<\/p><\/div><\/div><div class=\"fusion-clearfix\"><\/div><\/article>\n<article id=\"blog-1-post-753\" class=\"fusion-post-medium post-753 post type-post status-publish format-standard hentry category-bilan-en-europe\">\n\t<style type=\"text\/css\">\n\t\t\n\t\t\n\t\t\n\t\t\n\t\t\t<\/style>\n\n\n<div class=\"fusion-post-content post-content\"><h2 class=\"blog-shortcode-post-title entry-title\"><a href=\"https:\/\/fecbop.eu\/fr\/bilan-de-competences-en-europe-slovaquie\/\">Bilan de comp\u00e9tences en Europe &#8211; Slovaquie<\/a><\/h2><div class=\"fusion-post-content-container\"><p>La m\u00e9thodologie du bilan de comp\u00e9tences a \u00e9t\u00e9 transf\u00e9r\u00e9e en Slovaquie dans le cadre d'un projet Leonardo da Vinci en 2013 - 2015. Au cours de ce projet, la m\u00e9thodologie a \u00e9t\u00e9 adapt\u00e9e aux sp\u00e9cificit\u00e9s du march\u00e9 du travail slovaque et a \u00e9t\u00e9 test\u00e9e avec succ\u00e8s dans plusieurs r\u00e9gions. Lors [...]<\/p><\/div><\/div><div class=\"fusion-clearfix\"><\/div><\/article>\n<article id=\"blog-1-post-910\" class=\"fusion-post-medium post-910 post type-post status-publish format-standard hentry category-assemblees-generales\">\n\t<style type=\"text\/css\">\n\t\t\n\t\t\n\t\t\n\t\t\n\t\t\t<\/style>\n\n\n<div class=\"fusion-post-content post-content\"><h2 class=\"blog-shortcode-post-title entry-title\"><a href=\"https:\/\/fecbop.eu\/fr\/assemblee-generale-juin-2018\/\">Assembl\u00e9e G\u00e9n\u00e9rale Juin 2018<\/a><\/h2><div class=\"fusion-post-content-container\"><p>L'Assembl\u00e9e G\u00e9n\u00e9rale s'est tenue le 29 juin 2018 \u00e0 Milan. Les membres pr\u00e9sents ou repr\u00e9sent\u00e9s de l\u2019Assembl\u00e9e G\u00e9n\u00e9rale ont approuv\u00e9 la d\u00e9signation de nouvelles auditrice italiennes.\u00a0L\u2019Assembl\u00e9e G\u00e9n\u00e9rale est suivie par une Conf\u00e9rence de Monsieur Bruno LEBRUN, avocat, sur le th\u00e8me du nouveau R\u00e8glement europ\u00e9en de protection des donn\u00e9es (RGPD) et [...]<\/p><\/div><\/div><div class=\"fusion-clearfix\"><\/div><\/article>\n<article id=\"blog-1-post-905\" class=\"fusion-post-medium post-905 post type-post status-publish format-standard hentry category-assemblees-generales\">\n\t<style type=\"text\/css\">\n\t\t\n\t\t\n\t\t\n\t\t\n\t\t\t<\/style>\n\n\n<div class=\"fusion-post-content post-content\"><h2 class=\"blog-shortcode-post-title entry-title\"><a href=\"https:\/\/fecbop.eu\/fr\/assemblee-generale-juin-2017\/\">Assembl\u00e9e G\u00e9n\u00e9rale Juin 2017<\/a><\/h2><div class=\"fusion-post-content-container\"><p>L'Assembl\u00e9e G\u00e9n\u00e9rale s'est tenue le 16 Juin 2017 \u00e0 Bratislava.\u00a0Monsieur Jacques HOFMANS, Pr\u00e9sident de la FECBOP a pr\u00e9sent\u00e9 le rapport moral et d\u2019activit\u00e9 2016, qui \u00e9tait centr\u00e9 sur la solidification de la nouvelle structure organisationnelle de la FECBOP\u00a0: Transfert progressif de Chalon-sur-Sa\u00f4ne \u00e0 Vichy (si\u00e8ge de la FECBOP) : Schany [...]<\/p><\/div><\/div><div class=\"fusion-clearfix\"><\/div><\/article>\n<article id=\"blog-1-post-901\" class=\"fusion-post-medium post-901 post type-post status-publish format-standard hentry category-assemblees-generales\">\n\t<style type=\"text\/css\">\n\t\t\n\t\t\n\t\t\n\t\t\n\t\t\t<\/style>\n\n\n<div class=\"fusion-post-content post-content\"><h2 class=\"blog-shortcode-post-title entry-title\"><a href=\"https:\/\/fecbop.eu\/fr\/assemblee-generale-2016\/\">Assembl\u00e9e G\u00e9n\u00e9rale 2016<\/a><\/h2><div class=\"fusion-post-content-container\"><p>L'Assembl\u00e9e G\u00e9n\u00e9rale 2016 a eu lieu le 30 septembre 2016 \u00e0 Paris. L'AG a \u00e9t\u00e9 ouverte \u00e0 9h00. Le parcours europ\u00e9en de formation \u00e0 la m\u00e9thodologie du bilan de comp\u00e9tences\u00a0 a \u00e9t\u00e9 pr\u00e9sent\u00e9 aux membres de l'AG. Une AG suppl\u00e9mentaire s'est tenu le 22 f\u00e9vrier 2017. Jacques Hofmans a \u00e9t\u00e9 [...]<\/p><\/div><\/div><div class=\"fusion-clearfix\"><\/div><\/article>\n<article id=\"blog-1-post-899\" class=\"fusion-post-medium post-899 post type-post status-publish format-standard hentry category-assemblees-generales\">\n\t<style type=\"text\/css\">\n\t\t\n\t\t\n\t\t\n\t\t\n\t\t\t<\/style>\n\n\n<div class=\"fusion-post-content post-content\"><h2 class=\"blog-shortcode-post-title entry-title\"><a href=\"https:\/\/fecbop.eu\/fr\/assemblee-generale-octobre-2015\/\">Assembl\u00e9e G\u00e9n\u00e9rale Octobre 2015<\/a><\/h2><div class=\"fusion-post-content-container\"><p>L'assembl\u00e9e g\u00e9n\u00e9rale du FECBOP s'est tenue le 9 octobre 2015 \u00e0 Bratislava. L'anniversaire g\u00e9n\u00e9ral tr\u00e8s fr\u00e9quent\u00e9 a \u00e9t\u00e9 l'occasion de f\u00eater les 10 ans du FECBOP. Le pr\u00e9sident, Paolo Serrerri, a soulign\u00e9 les succ\u00e8s obtenus gr\u00e2ce au travail commun des organisations partenaires et des pays partenaires et a soulign\u00e9 le [...]<\/p><\/div><\/div><div class=\"fusion-clearfix\"><\/div><\/article>\n<article id=\"blog-1-post-891\" class=\"fusion-post-medium post-891 post type-post status-publish format-standard hentry category-assemblees-generales\">\n\t<style type=\"text\/css\">\n\t\t\n\t\t\n\t\t\n\t\t\n\t\t\t<\/style>\n\n\n<div class=\"fusion-post-content post-content\"><h2 class=\"blog-shortcode-post-title entry-title\"><a href=\"https:\/\/fecbop.eu\/fr\/assemblee-generale-septembre-2014\/\">Assembl\u00e9e G\u00e9n\u00e9rale Septembre 2014<\/a><\/h2><div class=\"fusion-post-content-container\"><p>L'Assembl\u00e9e G\u00e9n\u00e9rale du FECBOP s'est tenue \u00e0 Paris les 4 et 5 septembre. Entre autres, de nouveaux partenaires d'Europe centrale et orientale (Hongrie, Roumanie et Bulgarie) \u00e9taient pr\u00e9sents pour la premi\u00e8re fois, attirant l'attention de la F\u00e9d\u00e9ration sur les d\u00e9fis de cette r\u00e9gion, \u00e0 savoir les Roms et d'autres groupes [...]<\/p><\/div><\/div><div class=\"fusion-clearfix\"><\/div><\/article>\n<article id=\"blog-1-post-1097\" class=\"fusion-post-medium post-1097 post type-post status-publish format-standard has-post-thumbnail hentry category-non-classifiee\">\n\t<style type=\"text\/css\">\n\t\t\n\t\t\n\t\t\n\t\t\n\t\t\t<\/style>\n\n\n\t\t\t<div class=\"fusion-flexslider flexslider fusion-flexslider-loading fusion-post-slideshow\" style=\"\">\n\t\t<ul class=\"slides\">\n\t\t\t\n\t\t\t\t\t\t\t\t\t\t\t\t\t\t<li>\n\n<div  class=\"fusion-image-wrapper fusion-image-size-fixed\" aria-haspopup=\"true\">\n\t\n\t\n\t\t<a href=\"https:\/\/fecbop.eu\/fr\/message-of-our-president-2013\/\">\n\t\t\t\n\t\t\t\t\t<img loading=\"lazy\" decoding=\"async\" width=\"150\" height=\"150\" src=\"https:\/\/fecbop.eu\/wp-content\/uploads\/2020\/07\/paulino-serreri.jpg\" class=\"attachment-blog-medium size-blog-medium wp-post-image\" alt=\"\" srcset=\"https:\/\/fecbop.eu\/wp-content\/uploads\/2020\/07\/paulino-serreri-66x66.jpg 66w, https:\/\/fecbop.eu\/wp-content\/uploads\/2020\/07\/paulino-serreri.jpg 150w\" sizes=\"auto, (max-width: 150px) 100vw, 150px\" \/>\n\t\n\n\t\t<\/a>\n\n\t\n<\/div>\n<\/li>\n\t\t\t\n\t\t\t\n\t\t\t\t\t\t\t\t\t\t\t\t\t\t\t\t\t\t\t\t\t\t\t\t\t\t\t\t\t\t\t\t\t\t\t\t\t\t\t\t\t\t\t\t\t\t\t\t\t\t\t\t\t\t\t\t\t\t\t\t\t\t\t\t\t\t\t\t<\/ul>\n\t<\/div>\n\t<div class=\"fusion-post-content post-content\"><h2 class=\"blog-shortcode-post-title entry-title\"><a href=\"https:\/\/fecbop.eu\/fr\/message-of-our-president-2013\/\">Message de notre pr\u00e9sident 2013<\/a><\/h2><div class=\"fusion-post-content-container\"><p>\u00ab Je vous remercie pour la confiance que vous m\u2019avez accord\u00e9e en m\u2019\u00e9lisant Pr\u00e9sident de la FECBOP. Je souhaite transmettre un remerciement particulier et affectueux \u00e0 Jean-Pierre VACHER pour sa contribution tr\u00e8s importante \u00e0 la naissance et au d\u00e9veloppement de notre f\u00e9d\u00e9ration. Je m\u2019engage \u00e0 ne pas vous d\u00e9cevoir et [...]<\/p><\/div><\/div><div class=\"fusion-clearfix\"><\/div><\/article>\n<\/div><div class=\"pagination clearfix\"><span class=\"current\">1<\/span><a href=\"https:\/\/fecbop.eu\/fr\/wp-json\/wp\/v2\/pages\/462\/page\/2\/\" class=\"inactive\">2<\/a><a class=\"pagination-next\" href=\"https:\/\/fecbop.eu\/fr\/wp-json\/wp\/v2\/pages\/462\/page\/2\/\"><span class=\"page-text\">Next<\/span><span class=\"page-next\"><\/span><\/a><\/div><div class=\"fusion-clearfix\"><\/div><\/div><div class=\"fusion-clearfix\"><\/div>\n\n\t\t\t\t\t<\/div>\n\t\t\t\t<\/div><\/div><\/div>\n","protected":false},"excerpt":{"rendered":"","protected":false},"author":1,"featured_media":0,"parent":0,"menu_order":0,"comment_status":"closed","ping_status":"closed","template":"","meta":{"footnotes":""},"class_list":["post-462","page","type-page","status-publish","hentry"],"yoast_head":"<!-- This site is optimized with the Yoast SEO plugin v26.5 - https:\/\/yoast.com\/wordpress\/plugins\/seo\/ -->\n<title>Actualit\u00e9s - FECBOP<\/title>\n<meta name=\"robots\" content=\"index, follow, max-snippet:-1, max-image-preview:large, max-video-preview:-1\" \/>\n<link rel=\"canonical\" href=\"https:\/\/fecbop.eu\/fr\/actualites\/\" \/>\n<meta property=\"og:locale\" content=\"fr_FR\" \/>\n<meta property=\"og:type\" content=\"article\" \/>\n<meta property=\"og:title\" content=\"Actualit\u00e9s - FECBOP\" \/>\n<meta property=\"og:url\" content=\"https:\/\/fecbop.eu\/fr\/actualites\/\" \/>\n<meta property=\"og:site_name\" content=\"FECBOP\" \/>\n<meta property=\"article:modified_time\" content=\"2020-03-29T08:40:26+00:00\" \/>\n<meta property=\"og:image\" content=\"https:\/\/fecbop.eu\/wp-content\/uploads\/2009\/06\/fecbop.jpg\" \/>\n\t<meta property=\"og:image:width\" content=\"567\" \/>\n\t<meta property=\"og:image:height\" content=\"387\" \/>\n\t<meta property=\"og:image:type\" content=\"image\/jpeg\" \/>\n<meta name=\"twitter:card\" content=\"summary_large_image\" \/>\n<meta name=\"twitter:label1\" content=\"Dur\u00e9e de lecture estim\u00e9e\" \/>\n\t<meta name=\"twitter:data1\" content=\"2 minutes\" \/>\n<script type=\"application\/ld+json\" class=\"yoast-schema-graph\">{\"@context\":\"https:\/\/schema.org\",\"@graph\":[{\"@type\":\"WebPage\",\"@id\":\"https:\/\/fecbop.eu\/fr\/actualites\/\",\"url\":\"https:\/\/fecbop.eu\/fr\/actualites\/\",\"name\":\"Actualit\u00e9s - FECBOP\",\"isPartOf\":{\"@id\":\"https:\/\/fecbop.eu\/#website\"},\"datePublished\":\"2020-03-28T16:41:00+00:00\",\"dateModified\":\"2020-03-29T08:40:26+00:00\",\"breadcrumb\":{\"@id\":\"https:\/\/fecbop.eu\/fr\/actualites\/#breadcrumb\"},\"inLanguage\":\"fr-FR\",\"potentialAction\":[{\"@type\":\"ReadAction\",\"target\":[\"https:\/\/fecbop.eu\/fr\/actualites\/\"]}]},{\"@type\":\"BreadcrumbList\",\"@id\":\"https:\/\/fecbop.eu\/fr\/actualites\/#breadcrumb\",\"itemListElement\":[{\"@type\":\"ListItem\",\"position\":1,\"name\":\"Home\",\"item\":\"https:\/\/fecbop.eu\/fr\/fecbop\/\"},{\"@type\":\"ListItem\",\"position\":2,\"name\":\"Actualit\u00e9s\"}]},{\"@type\":\"WebSite\",\"@id\":\"https:\/\/fecbop.eu\/#website\",\"url\":\"https:\/\/fecbop.eu\/\",\"name\":\"F\u00e9d\u00e9ration Europ\u00e9enne des Centres de Bilan et d'Orientation professionnelle (FECBOP)\",\"description\":\"European Federation of Centres of Career Guidance  and Bilan de Comp\u00e9tences \/ F\u00e9d\u00e9ration Europ\u00e9enne des Centres de Bilan et d&#039;Orientation Professionnelle\",\"publisher\":{\"@id\":\"https:\/\/fecbop.eu\/#organization\"},\"alternateName\":\"European Federation of Career Guidance and Bilan de Comp\u00e9tences (FECBOP)\",\"potentialAction\":[{\"@type\":\"SearchAction\",\"target\":{\"@type\":\"EntryPoint\",\"urlTemplate\":\"https:\/\/fecbop.eu\/?s={search_term_string}\"},\"query-input\":{\"@type\":\"PropertyValueSpecification\",\"valueRequired\":true,\"valueName\":\"search_term_string\"}}],\"inLanguage\":\"fr-FR\"},{\"@type\":\"Organization\",\"@id\":\"https:\/\/fecbop.eu\/#organization\",\"name\":\"FECBOP - F\u00e9d\u00e9ration Europ\u00e9enne des Centres de Bilan et d'Orientation professionnelle \/ European Federation of Centres of Career Guidance and Bilan de Comp\u00e9tences\",\"url\":\"https:\/\/fecbop.eu\/\",\"logo\":{\"@type\":\"ImageObject\",\"inLanguage\":\"fr-FR\",\"@id\":\"https:\/\/fecbop.eu\/#\/schema\/logo\/image\/\",\"url\":\"https:\/\/fecbop.eu\/wp-content\/uploads\/2009\/06\/fecbop.jpg\",\"contentUrl\":\"https:\/\/fecbop.eu\/wp-content\/uploads\/2009\/06\/fecbop.jpg\",\"width\":567,\"height\":387,\"caption\":\"FECBOP - F\u00e9d\u00e9ration Europ\u00e9enne des Centres de Bilan et d'Orientation professionnelle \/ European Federation of Centres of Career Guidance and Bilan de Comp\u00e9tences\"},\"image\":{\"@id\":\"https:\/\/fecbop.eu\/#\/schema\/logo\/image\/\"}}]}<\/script>\n<!-- \/ Yoast SEO plugin. -->","yoast_head_json":{"title":"Actualit\u00e9s - FECBOP","robots":{"index":"index","follow":"follow","max-snippet":"max-snippet:-1","max-image-preview":"max-image-preview:large","max-video-preview":"max-video-preview:-1"},"canonical":"https:\/\/fecbop.eu\/fr\/actualites\/","og_locale":"fr_FR","og_type":"article","og_title":"Actualit\u00e9s - FECBOP","og_url":"https:\/\/fecbop.eu\/fr\/actualites\/","og_site_name":"FECBOP","article_modified_time":"2020-03-29T08:40:26+00:00","og_image":[{"width":567,"height":387,"url":"https:\/\/fecbop.eu\/wp-content\/uploads\/2009\/06\/fecbop.jpg","type":"image\/jpeg"}],"twitter_card":"summary_large_image","twitter_misc":{"Dur\u00e9e de lecture estim\u00e9e":"2 minutes"},"schema":{"@context":"https:\/\/schema.org","@graph":[{"@type":"WebPage","@id":"https:\/\/fecbop.eu\/fr\/actualites\/","url":"https:\/\/fecbop.eu\/fr\/actualites\/","name":"Actualit\u00e9s - FECBOP","isPartOf":{"@id":"https:\/\/fecbop.eu\/#website"},"datePublished":"2020-03-28T16:41:00+00:00","dateModified":"2020-03-29T08:40:26+00:00","breadcrumb":{"@id":"https:\/\/fecbop.eu\/fr\/actualites\/#breadcrumb"},"inLanguage":"fr-FR","potentialAction":[{"@type":"ReadAction","target":["https:\/\/fecbop.eu\/fr\/actualites\/"]}]},{"@type":"BreadcrumbList","@id":"https:\/\/fecbop.eu\/fr\/actualites\/#breadcrumb","itemListElement":[{"@type":"ListItem","position":1,"name":"Home","item":"https:\/\/fecbop.eu\/fr\/fecbop\/"},{"@type":"ListItem","position":2,"name":"Actualit\u00e9s"}]},{"@type":"WebSite","@id":"https:\/\/fecbop.eu\/#website","url":"https:\/\/fecbop.eu\/","name":"F\u00e9d\u00e9ration Europ\u00e9enne des Centres de Bilan et d'Orientation professionnelle (FECBOP)","description":"European Federation of Centres of Career Guidance  and Bilan de Comp\u00e9tences \/ F\u00e9d\u00e9ration Europ\u00e9enne des Centres de Bilan et d&#039;Orientation Professionnelle","publisher":{"@id":"https:\/\/fecbop.eu\/#organization"},"alternateName":"European Federation of Career Guidance and Bilan de Comp\u00e9tences (FECBOP)","potentialAction":[{"@type":"SearchAction","target":{"@type":"EntryPoint","urlTemplate":"https:\/\/fecbop.eu\/?s={search_term_string}"},"query-input":{"@type":"PropertyValueSpecification","valueRequired":true,"valueName":"search_term_string"}}],"inLanguage":"fr-FR"},{"@type":"Organization","@id":"https:\/\/fecbop.eu\/#organization","name":"FECBOP - F\u00e9d\u00e9ration Europ\u00e9enne des Centres de Bilan et d'Orientation professionnelle \/ European Federation of Centres of Career Guidance and Bilan de Comp\u00e9tences","url":"https:\/\/fecbop.eu\/","logo":{"@type":"ImageObject","inLanguage":"fr-FR","@id":"https:\/\/fecbop.eu\/#\/schema\/logo\/image\/","url":"https:\/\/fecbop.eu\/wp-content\/uploads\/2009\/06\/fecbop.jpg","contentUrl":"https:\/\/fecbop.eu\/wp-content\/uploads\/2009\/06\/fecbop.jpg","width":567,"height":387,"caption":"FECBOP - F\u00e9d\u00e9ration Europ\u00e9enne des Centres de Bilan et d'Orientation professionnelle \/ European Federation of Centres of Career Guidance and Bilan de Comp\u00e9tences"},"image":{"@id":"https:\/\/fecbop.eu\/#\/schema\/logo\/image\/"}}]}},"_links":{"self":[{"href":"https:\/\/fecbop.eu\/fr\/wp-json\/wp\/v2\/pages\/462","targetHints":{"allow":["GET"]}}],"collection":[{"href":"https:\/\/fecbop.eu\/fr\/wp-json\/wp\/v2\/pages"}],"about":[{"href":"https:\/\/fecbop.eu\/fr\/wp-json\/wp\/v2\/types\/page"}],"author":[{"embeddable":true,"href":"https:\/\/fecbop.eu\/fr\/wp-json\/wp\/v2\/users\/1"}],"replies":[{"embeddable":true,"href":"https:\/\/fecbop.eu\/fr\/wp-json\/wp\/v2\/comments?post=462"}],"version-history":[{"count":3,"href":"https:\/\/fecbop.eu\/fr\/wp-json\/wp\/v2\/pages\/462\/revisions"}],"predecessor-version":[{"id":695,"href":"https:\/\/fecbop.eu\/fr\/wp-json\/wp\/v2\/pages\/462\/revisions\/695"}],"wp:attachment":[{"href":"https:\/\/fecbop.eu\/fr\/wp-json\/wp\/v2\/media?parent=462"}],"curies":[{"name":"wp","href":"https:\/\/api.w.org\/{rel}","templated":true}]}}