{"id":461,"date":"2020-03-28T16:42:16","date_gmt":"2020-03-28T16:42:16","guid":{"rendered":"https:\/\/fecbop.eu\/?page_id=461"},"modified":"2020-07-03T20:50:17","modified_gmt":"2020-07-03T20:50:17","slug":"label-qualite","status":"publish","type":"page","link":"https:\/\/fecbop.eu\/fr\/label-qualite\/","title":{"rendered":"Label qualit\u00e9"},"content":{"rendered":"<div id=\"right\">\n<div class=\"main\">\n<div id=\"page\">\n<p>Permet d&rsquo;avoir l&rsquo;assurance de pratiques adapt\u00e9es\u00a0aux besoins des individus et des organisations face \u00e0 l&rsquo;\u00e9volution du march\u00e9 de l&#8217;emploi.<\/p>\n<p><strong>Ainsi , les individus<\/strong>, les\u00a0<strong>institutions<\/strong>\u00a0et les\u00a0<strong>organismes publics ou priv\u00e9s\u00a0<\/strong>peuvent avoir la garantie de trouver, sur leur territoire,\u00a0<strong>des Centres<\/strong>\u00a0de bilan de comp\u00e9tences, d&rsquo;orientation et de conseil en carri\u00e8re\u00a0<strong>de haut niveau<\/strong>.\u00a0Le label europ\u00e9en qualit\u00e9 cr\u00e9\u00e9 et g\u00e9r\u00e9 par la FECBOP r\u00e9pond \u00e0 cette attente l\u00e9gitime.<\/p>\n<p>Le label europ\u00e9en qualit\u00e9<\/p>\n<p><img loading=\"lazy\" decoding=\"async\" class=\"aligncenter wp-image-731\" src=\"https:\/\/fecbop.eu\/wp-content\/uploads\/2020\/04\/logo-qualit-europe-v2-transparent.png\" alt=\"\" width=\"208\" height=\"196\" srcset=\"https:\/\/fecbop.eu\/wp-content\/uploads\/2020\/04\/logo-qualit-europe-v2-transparent-200x189.png 200w, https:\/\/fecbop.eu\/wp-content\/uploads\/2020\/04\/logo-qualit-europe-v2-transparent.png 300w\" sizes=\"auto, (max-width: 208px) 100vw, 208px\" \/><\/p>\n<ul>\n<li><strong>\u00e9vite toute confusion<\/strong>\u00a0dans l&rsquo;utilisation des termes \u00ab\u00a0bilan de comp\u00e9tences\u00a0\u00bb<\/li>\n<li><strong>accompagne<\/strong>\u00a0et soutient\u00a0<strong>la professionnalisation<\/strong>\u00a0continue\u00a0<strong>des Centres<\/strong>\u00a0de bilan de comp\u00e9tences<\/li>\n<li><strong>identifie<\/strong>\u00a0les Centres de bilan de comp\u00e9tences\u00a0<strong>faisant preuve d&rsquo;une excellence<\/strong>\u00a0de prestation d\u00fbe \u00e0 la qualit\u00e9 et \u00e0 la d\u00e9ontologie de leurs pratiques<\/li>\n<li><strong>garantit<\/strong>\u00a0la mise \u00e0 disposition aux clients &#8211; individuels comme institutionnels &#8211; de professionnels reconnus\u00a0<strong>en vue de leur apporter les r\u00e9ponses<\/strong>\u00a0les plus\u00a0<strong>sp\u00e9cifiques<\/strong>\u00a0et les plus\u00a0<strong>ad\u00e9quates<\/strong>\u00a0\u00e0 leur besoin.<\/li>\n<\/ul>\n<h3><\/h3>\n<hr \/>\n<h2><\/h2>\n<h2>Les bases de la d\u00e9ontologie requise<\/h2>\n<p>Les Centres de bilan de comp\u00e9tences, d&rsquo;orientation et de conseils en carri\u00e8re pr\u00e9servent le respect de la vie priv\u00e9e dans le cadre des lois et\u00a0r\u00e8glements nationaux et europ\u00e9ens. Le label qualit\u00e9 est attribu\u00e9 par la FECBOP aux Centres de bilan de comp\u00e9tences, d&rsquo;orientation et de conseils en carri\u00e8re qui, en compl\u00e9ment de leur professionnalisme m\u00e9thodologique, appliquent ces principes, sans exception, \u00e0 toutes leurs interventions.<\/p>\n<p>Ils\u00a0<strong>garantissent<\/strong>\u00a0ainsi\u00a0<strong>la libert\u00e9<\/strong>\u00a0et\u00a0<strong>la dignit\u00e9<\/strong>\u00a0des b\u00e9n\u00e9ficiaires.<\/p>\n<p>Ainsi,<\/p>\n<ul>\n<li>Le b\u00e9n\u00e9ficiaire d&rsquo;une prestation d&rsquo;un de nos membres doit \u00eatre volontaire.<\/li>\n<li>Seules des informations ayant un lien direct et n\u00e9cessaire avec la prestation peuvent \u00eatre demand\u00e9es.<\/li>\n<li>La synth\u00e8se des r\u00e9sultats de la prestation est la propri\u00e9t\u00e9 du b\u00e9n\u00e9ficiaire.<\/li>\n<\/ul>\n<p>Tout usage social du document de synth\u00e8se implique l&rsquo;accord du b\u00e9n\u00e9ficiaire et le respect de la l\u00e9gislation en vigueur.<\/p>\n<p>&nbsp;<\/p>\n<hr \/>\n<h2>Notre r\u00e9f\u00e9rentiel qualit\u00e9<\/h2>\n<p><strong>CRITERE 1 : FINALITE DU BILAN<\/strong><\/p>\n<p>La finalite du bilan est la definition d\u2019un projet professionnel integre dans l\u2019environnement socio professionnel du beneficiaire.<\/p>\n<p>&nbsp;<\/p>\n<p><strong>CRITERE 2 : PRINCIPES DU BILAN<\/strong><\/p>\n<p>Le beneficiaire est acteur de son bilan, sujet et non objet soumis a l\u2019examen d\u2019un expert.<\/p>\n<p>&nbsp;<\/p>\n<p><strong>CRITERE 3 : ACCUEIL ET INFORMATION<\/strong><\/p>\n<p>Une phase d\u2019accueil et d\u2019information precede la realisation du bilan<\/p>\n<p><strong>CRITERE 4 : DEROULEMENT DU BILAN<\/strong><\/p>\n<p>Le bilan de competences comprend 3 phases distinctes ; chacune d\u2019entre elles donne lieu au moins a un entretien individuel.<\/p>\n<p>&nbsp;<\/p>\n<p><strong>CRITERE 5 : CONCLUSIONS DU BILAN<\/strong><\/p>\n<p>La phase de conclusions doit aboutir a la redaction d\u2019un document de synthese qui est remis au beneficiaire a l\u2019issue du bilan.<\/p>\n<p>&nbsp;<\/p>\n<p><strong>CRITERE 6 : RECONNAISSANCE ET VALIDATION DES ACQUIS<\/strong><\/p>\n<p>Le bilan contribue a la reconnaissance ou a la validation des acquis.<\/p>\n<p>&nbsp;<\/p>\n<p><strong>CRITERE 7 : COMPETENCES ET PRATIQUES PLURISCIPLINAIRES<\/strong><\/p>\n<p>Le centre de bilan dispose de competences plurisdisciplinaires qui garantissent un regard pluriel.<\/p>\n<p>&nbsp;<\/p>\n<p><strong>CRITERE 8 : PROFESSIONNALISATION DES CONSEILLERS-BILAN<\/strong><\/p>\n<p>Le centre developpe les moyens necessaires a la professionnalisation des conseillers bilan.<\/p>\n<p><strong>CRITERE 9 : RECHERCHE ET DEVELOPPEMENT<\/strong><\/p>\n<p>Le centre fait evoluer ses pratiques dans le cadre d\u2019une veille technologique et d\u2019une fonction innovation.<\/p>\n<p>&nbsp;<\/p>\n<p><strong>CRITERE 10 : L\u2019APRES-BILAN<\/strong><\/p>\n<p>Le centre assure un suivi post-bilan, un contr\u00f6le de l\u2019activite et des resultats atteints.<\/p>\n<p>&nbsp;<\/p>\n<p><strong>CRITERE 11 : TERRITORIALITE ET ORGANISATION EN RESEAU<\/strong><\/p>\n<p>L\u2019activite de conseil s\u2019appuie sur un axe strategique prenant en compte les politiques de developpement territorial, les besoins du marche du travail et des entreprises tout en inscrivant l\u2019acte d\u2019orientation dans une logique de parcours tout au long de la vie.<\/p>\n<\/div>\n<\/div>\n<\/div>\n","protected":false},"excerpt":{"rendered":"<p>Permet d&rsquo;avoir l&rsquo;assurance de pratiques adapt\u00e9es\u00a0aux besoins des individus et des organisations face \u00e0 l&rsquo;\u00e9volution [&hellip;]<\/p>\n","protected":false},"author":1,"featured_media":0,"parent":0,"menu_order":0,"comment_status":"closed","ping_status":"closed","template":"","meta":{"footnotes":""},"class_list":["post-461","page","type-page","status-publish","hentry"],"yoast_head":"<!-- This site is optimized with the Yoast SEO plugin v26.5 - https:\/\/yoast.com\/wordpress\/plugins\/seo\/ -->\n<title>Label qualit\u00e9 - FECBOP<\/title>\n<meta name=\"robots\" content=\"index, follow, max-snippet:-1, max-image-preview:large, max-video-preview:-1\" \/>\n<link rel=\"canonical\" href=\"https:\/\/fecbop.eu\/fr\/label-qualite\/\" \/>\n<meta property=\"og:locale\" content=\"fr_FR\" \/>\n<meta property=\"og:type\" content=\"article\" \/>\n<meta property=\"og:title\" content=\"Label qualit\u00e9 - FECBOP\" \/>\n<meta property=\"og:description\" content=\"Permet d&rsquo;avoir l&rsquo;assurance de pratiques adapt\u00e9es\u00a0aux besoins des individus et des organisations face \u00e0 l&rsquo;\u00e9volution [&hellip;]\" \/>\n<meta property=\"og:url\" content=\"https:\/\/fecbop.eu\/fr\/label-qualite\/\" \/>\n<meta property=\"og:site_name\" content=\"FECBOP\" \/>\n<meta property=\"article:modified_time\" content=\"2020-07-03T20:50:17+00:00\" \/>\n<meta property=\"og:image\" content=\"https:\/\/fecbop.eu\/wp-content\/uploads\/2020\/04\/logo-qualit-europe-v2-transparent.png\" \/>\n<meta name=\"twitter:card\" content=\"summary_large_image\" \/>\n<meta name=\"twitter:label1\" content=\"Dur\u00e9e de lecture estim\u00e9e\" \/>\n\t<meta name=\"twitter:data1\" content=\"3 minutes\" \/>\n<script type=\"application\/ld+json\" class=\"yoast-schema-graph\">{\"@context\":\"https:\/\/schema.org\",\"@graph\":[{\"@type\":\"WebPage\",\"@id\":\"https:\/\/fecbop.eu\/fr\/label-qualite\/\",\"url\":\"https:\/\/fecbop.eu\/fr\/label-qualite\/\",\"name\":\"Label qualit\u00e9 - FECBOP\",\"isPartOf\":{\"@id\":\"https:\/\/fecbop.eu\/#website\"},\"primaryImageOfPage\":{\"@id\":\"https:\/\/fecbop.eu\/fr\/label-qualite\/#primaryimage\"},\"image\":{\"@id\":\"https:\/\/fecbop.eu\/fr\/label-qualite\/#primaryimage\"},\"thumbnailUrl\":\"https:\/\/fecbop.eu\/wp-content\/uploads\/2020\/04\/logo-qualit-europe-v2-transparent.png\",\"datePublished\":\"2020-03-28T16:42:16+00:00\",\"dateModified\":\"2020-07-03T20:50:17+00:00\",\"breadcrumb\":{\"@id\":\"https:\/\/fecbop.eu\/fr\/label-qualite\/#breadcrumb\"},\"inLanguage\":\"fr-FR\",\"potentialAction\":[{\"@type\":\"ReadAction\",\"target\":[\"https:\/\/fecbop.eu\/fr\/label-qualite\/\"]}]},{\"@type\":\"ImageObject\",\"inLanguage\":\"fr-FR\",\"@id\":\"https:\/\/fecbop.eu\/fr\/label-qualite\/#primaryimage\",\"url\":\"https:\/\/fecbop.eu\/wp-content\/uploads\/2020\/04\/logo-qualit-europe-v2-transparent.png\",\"contentUrl\":\"https:\/\/fecbop.eu\/wp-content\/uploads\/2020\/04\/logo-qualit-europe-v2-transparent.png\"},{\"@type\":\"BreadcrumbList\",\"@id\":\"https:\/\/fecbop.eu\/fr\/label-qualite\/#breadcrumb\",\"itemListElement\":[{\"@type\":\"ListItem\",\"position\":1,\"name\":\"Home\",\"item\":\"https:\/\/fecbop.eu\/fr\/fecbop\/\"},{\"@type\":\"ListItem\",\"position\":2,\"name\":\"Label qualit\u00e9\"}]},{\"@type\":\"WebSite\",\"@id\":\"https:\/\/fecbop.eu\/#website\",\"url\":\"https:\/\/fecbop.eu\/\",\"name\":\"F\u00e9d\u00e9ration Europ\u00e9enne des Centres de Bilan et d'Orientation professionnelle (FECBOP)\",\"description\":\"European Federation of Centres of Career Guidance  and Bilan de Comp\u00e9tences \/ F\u00e9d\u00e9ration Europ\u00e9enne des Centres de Bilan et d&#039;Orientation Professionnelle\",\"publisher\":{\"@id\":\"https:\/\/fecbop.eu\/#organization\"},\"alternateName\":\"European Federation of Career Guidance and Bilan de Comp\u00e9tences (FECBOP)\",\"potentialAction\":[{\"@type\":\"SearchAction\",\"target\":{\"@type\":\"EntryPoint\",\"urlTemplate\":\"https:\/\/fecbop.eu\/?s={search_term_string}\"},\"query-input\":{\"@type\":\"PropertyValueSpecification\",\"valueRequired\":true,\"valueName\":\"search_term_string\"}}],\"inLanguage\":\"fr-FR\"},{\"@type\":\"Organization\",\"@id\":\"https:\/\/fecbop.eu\/#organization\",\"name\":\"FECBOP - F\u00e9d\u00e9ration Europ\u00e9enne des Centres de Bilan et d'Orientation professionnelle \/ European Federation of Centres of Career Guidance and Bilan de Comp\u00e9tences\",\"url\":\"https:\/\/fecbop.eu\/\",\"logo\":{\"@type\":\"ImageObject\",\"inLanguage\":\"fr-FR\",\"@id\":\"https:\/\/fecbop.eu\/#\/schema\/logo\/image\/\",\"url\":\"https:\/\/fecbop.eu\/wp-content\/uploads\/2009\/06\/fecbop.jpg\",\"contentUrl\":\"https:\/\/fecbop.eu\/wp-content\/uploads\/2009\/06\/fecbop.jpg\",\"width\":567,\"height\":387,\"caption\":\"FECBOP - F\u00e9d\u00e9ration Europ\u00e9enne des Centres de Bilan et d'Orientation professionnelle \/ European Federation of Centres of Career Guidance and Bilan de Comp\u00e9tences\"},\"image\":{\"@id\":\"https:\/\/fecbop.eu\/#\/schema\/logo\/image\/\"}}]}<\/script>\n<!-- \/ Yoast SEO plugin. -->","yoast_head_json":{"title":"Label qualit\u00e9 - FECBOP","robots":{"index":"index","follow":"follow","max-snippet":"max-snippet:-1","max-image-preview":"max-image-preview:large","max-video-preview":"max-video-preview:-1"},"canonical":"https:\/\/fecbop.eu\/fr\/label-qualite\/","og_locale":"fr_FR","og_type":"article","og_title":"Label qualit\u00e9 - FECBOP","og_description":"Permet d&rsquo;avoir l&rsquo;assurance de pratiques adapt\u00e9es\u00a0aux besoins des individus et des organisations face \u00e0 l&rsquo;\u00e9volution [&hellip;]","og_url":"https:\/\/fecbop.eu\/fr\/label-qualite\/","og_site_name":"FECBOP","article_modified_time":"2020-07-03T20:50:17+00:00","og_image":[{"url":"https:\/\/fecbop.eu\/wp-content\/uploads\/2020\/04\/logo-qualit-europe-v2-transparent.png","type":"","width":"","height":""}],"twitter_card":"summary_large_image","twitter_misc":{"Dur\u00e9e de lecture estim\u00e9e":"3 minutes"},"schema":{"@context":"https:\/\/schema.org","@graph":[{"@type":"WebPage","@id":"https:\/\/fecbop.eu\/fr\/label-qualite\/","url":"https:\/\/fecbop.eu\/fr\/label-qualite\/","name":"Label qualit\u00e9 - FECBOP","isPartOf":{"@id":"https:\/\/fecbop.eu\/#website"},"primaryImageOfPage":{"@id":"https:\/\/fecbop.eu\/fr\/label-qualite\/#primaryimage"},"image":{"@id":"https:\/\/fecbop.eu\/fr\/label-qualite\/#primaryimage"},"thumbnailUrl":"https:\/\/fecbop.eu\/wp-content\/uploads\/2020\/04\/logo-qualit-europe-v2-transparent.png","datePublished":"2020-03-28T16:42:16+00:00","dateModified":"2020-07-03T20:50:17+00:00","breadcrumb":{"@id":"https:\/\/fecbop.eu\/fr\/label-qualite\/#breadcrumb"},"inLanguage":"fr-FR","potentialAction":[{"@type":"ReadAction","target":["https:\/\/fecbop.eu\/fr\/label-qualite\/"]}]},{"@type":"ImageObject","inLanguage":"fr-FR","@id":"https:\/\/fecbop.eu\/fr\/label-qualite\/#primaryimage","url":"https:\/\/fecbop.eu\/wp-content\/uploads\/2020\/04\/logo-qualit-europe-v2-transparent.png","contentUrl":"https:\/\/fecbop.eu\/wp-content\/uploads\/2020\/04\/logo-qualit-europe-v2-transparent.png"},{"@type":"BreadcrumbList","@id":"https:\/\/fecbop.eu\/fr\/label-qualite\/#breadcrumb","itemListElement":[{"@type":"ListItem","position":1,"name":"Home","item":"https:\/\/fecbop.eu\/fr\/fecbop\/"},{"@type":"ListItem","position":2,"name":"Label qualit\u00e9"}]},{"@type":"WebSite","@id":"https:\/\/fecbop.eu\/#website","url":"https:\/\/fecbop.eu\/","name":"F\u00e9d\u00e9ration Europ\u00e9enne des Centres de Bilan et d'Orientation professionnelle (FECBOP)","description":"European Federation of Centres of Career Guidance  and Bilan de Comp\u00e9tences \/ F\u00e9d\u00e9ration Europ\u00e9enne des Centres de Bilan et d&#039;Orientation Professionnelle","publisher":{"@id":"https:\/\/fecbop.eu\/#organization"},"alternateName":"European Federation of Career Guidance and Bilan de Comp\u00e9tences (FECBOP)","potentialAction":[{"@type":"SearchAction","target":{"@type":"EntryPoint","urlTemplate":"https:\/\/fecbop.eu\/?s={search_term_string}"},"query-input":{"@type":"PropertyValueSpecification","valueRequired":true,"valueName":"search_term_string"}}],"inLanguage":"fr-FR"},{"@type":"Organization","@id":"https:\/\/fecbop.eu\/#organization","name":"FECBOP - F\u00e9d\u00e9ration Europ\u00e9enne des Centres de Bilan et d'Orientation professionnelle \/ European Federation of Centres of Career Guidance and Bilan de Comp\u00e9tences","url":"https:\/\/fecbop.eu\/","logo":{"@type":"ImageObject","inLanguage":"fr-FR","@id":"https:\/\/fecbop.eu\/#\/schema\/logo\/image\/","url":"https:\/\/fecbop.eu\/wp-content\/uploads\/2009\/06\/fecbop.jpg","contentUrl":"https:\/\/fecbop.eu\/wp-content\/uploads\/2009\/06\/fecbop.jpg","width":567,"height":387,"caption":"FECBOP - F\u00e9d\u00e9ration Europ\u00e9enne des Centres de Bilan et d'Orientation professionnelle \/ European Federation of Centres of Career Guidance and Bilan de Comp\u00e9tences"},"image":{"@id":"https:\/\/fecbop.eu\/#\/schema\/logo\/image\/"}}]}},"_links":{"self":[{"href":"https:\/\/fecbop.eu\/fr\/wp-json\/wp\/v2\/pages\/461","targetHints":{"allow":["GET"]}}],"collection":[{"href":"https:\/\/fecbop.eu\/fr\/wp-json\/wp\/v2\/pages"}],"about":[{"href":"https:\/\/fecbop.eu\/fr\/wp-json\/wp\/v2\/types\/page"}],"author":[{"embeddable":true,"href":"https:\/\/fecbop.eu\/fr\/wp-json\/wp\/v2\/users\/1"}],"replies":[{"embeddable":true,"href":"https:\/\/fecbop.eu\/fr\/wp-json\/wp\/v2\/comments?post=461"}],"version-history":[{"count":5,"href":"https:\/\/fecbop.eu\/fr\/wp-json\/wp\/v2\/pages\/461\/revisions"}],"predecessor-version":[{"id":951,"href":"https:\/\/fecbop.eu\/fr\/wp-json\/wp\/v2\/pages\/461\/revisions\/951"}],"wp:attachment":[{"href":"https:\/\/fecbop.eu\/fr\/wp-json\/wp\/v2\/media?parent=461"}],"curies":[{"name":"wp","href":"https:\/\/api.w.org\/{rel}","templated":true}]}}