{"id":459,"date":"2020-03-28T16:39:02","date_gmt":"2020-03-28T16:39:02","guid":{"rendered":"https:\/\/fecbop.eu\/?page_id=459"},"modified":"2020-03-28T16:39:02","modified_gmt":"2020-03-28T16:39:02","slug":"formation-de-conseillers","status":"publish","type":"page","link":"https:\/\/fecbop.eu\/fr\/bilan-de-competences\/formation-de-conseillers\/","title":{"rendered":"Formation de conseillers"},"content":{"rendered":"<div id=\"right\">\n<div class=\"main\">\n<div id=\"page\">\n<p>The FECBOP provides official training for the provision of the\u00a0<em>bilan de comp\u00e9tences.<\/em>\u00a0The training is provided to professionals in career guidance who wish to develop their practice or specialize in the field of\u00a0bilan de comp\u00e9tences.<\/p>\n<p>&nbsp;<\/p>\n<p>At the end of the learning process, the beneficiary of the training for the\u00a0<em>bilan de comp\u00e9tences\u00a0<\/em>councellor will achieve learning outcomes described in terms of knowledges, skills,\u00a0competences equivalent to the EQF level 6. The training leads to a certificate of competence issued by the FECBOP to the counsellor after the assessment by the National Exam Committee (composed by national trainer and FECBOP members) and validation by the FECBOP Certification Committee.<\/p>\n<p><strong><img loading=\"lazy\" decoding=\"async\" src=\"http:\/\/www.fecbop.eu\/images\/CompCert\/compcert%20training%20EN.JPG\" alt=\"compcert training EN\" width=\"700\" height=\"418\" \/><\/strong><\/p>\n<p><strong>Selected admission criteria<\/strong>\u00a0for the participants are:<\/p>\n<ul>\n<li>5 years of successful academic and leading\u00a0to a diploma or<\/li>\n<li>3 years of successful study in higher education and leading to a diploma + 3 years\u00a0of professional experience in the field of guidance or similar<\/li>\n<li>Accepted level of unfinished higher education: if the 3 years study in higher education are not\u00a0attested by a diploma: 5 years of professional experience in the field of guidance or similar.<\/li>\n<\/ul>\n<p>&nbsp;<\/p>\n<p>The training is provided by a network of the\u00a0<strong>FECBOP mandated trainers<\/strong>:<\/p>\n<p>&nbsp;<\/p>\n<table border=\"0.5\" frame=\"border\" rules=\"rows\" align=\"center\">\n<tbody>\n<tr>\n<td><strong>Belgium \u00a0 \u00a0 \u00a0 \u00a0 \u00a0 \u00a0<\/strong><\/td>\n<td>Jacques Hoffmans<\/p>\n<p>Jennifer Vercauteren<\/td>\n<td><a href=\"http:\/\/www.fecbop.eu\/en\/ene-belgium\/ene-laboratoire-dergologie\">Laboratoire d&rsquo;Ergologie Appliqu\u00e9e<\/a><\/td>\n<\/tr>\n<tr>\n<td><strong>Czechia<\/strong><\/td>\n<td>Zuzana Freibergova<\/td>\n<td><a href=\"http:\/\/www.fecbop.eu\/en\/czechia\/asociace-bilanni-diagnostiky\">Asociace bilan\u010dn\u00ed diagnostiky<\/a><\/td>\n<\/tr>\n<tr>\n<td><strong>Germany<\/strong><\/td>\n<td>Regina Hentschel<\/td>\n<td><a href=\"http:\/\/www.fecbop.eu\/en\/ene-germany\/en-bildungsinstitut-pscherer-ggmbh\">Bildungsinstitut Pscherer<\/a><\/td>\n<\/tr>\n<tr>\n<td><strong>Italy<\/strong><\/td>\n<td>Federica de Carlo<\/td>\n<td><a href=\"http:\/\/www.fecbop.eu\/en\/ene-italy\/en-roma-3-cres\">Uniroma 3 &#8211; CRES<\/a><\/td>\n<\/tr>\n<tr>\n<td><strong>Slovakia<\/strong><\/td>\n<td>Maria Kubisova<\/p>\n<p>Tomas Sprlak<\/td>\n<td><a href=\"http:\/\/www.fecbop.eu\/en\/slovakia\/kaba-slovensko\">K.A.B.A. Slovensko<\/a><\/p>\n<p>FECBOP<\/td>\n<\/tr>\n<\/tbody>\n<\/table>\n<p>&nbsp;<\/p>\n<p>&nbsp;<\/p>\n<p>Classification of the training into the European Qualification Framework (EQF) available for\u00a0<a href=\"http:\/\/www.fecbop.eu\/images\/CompCert\/Roma%20Tre%20IO3%20ver08-compressed.pdf\">download<\/a>\u00a0(abstract\u00a0<a href=\"http:\/\/www.fecbop.eu\/images\/CompCert\/Roma%20Tre%20IO3%20ver08%20abstract.pdf\">here<\/a>).<\/p>\n<p>&nbsp;<\/p>\n<p>Curriculum is available\u00a0<a href=\"http:\/\/www.fecbop.eu\/images\/CompCert\/2016.09.01%20Curriculum%20with%20authors.compressed.pdf\">here<\/a>.<\/p>\n<\/div>\n<\/div>\n<\/div>\n<div class=\"clearfix\"><\/div>\n<div id=\"bottom\"><\/div>\n","protected":false},"excerpt":{"rendered":"<p>The FECBOP provides official training for the provision of the\u00a0bilan de comp\u00e9tences.\u00a0The training is provided [&hellip;]<\/p>\n","protected":false},"author":1,"featured_media":0,"parent":440,"menu_order":0,"comment_status":"closed","ping_status":"closed","template":"","meta":{"footnotes":""},"class_list":["post-459","page","type-page","status-publish","hentry"],"yoast_head":"<!-- This site is optimized with the Yoast SEO plugin v26.5 - https:\/\/yoast.com\/wordpress\/plugins\/seo\/ -->\n<title>Formation de conseillers - FECBOP<\/title>\n<meta name=\"robots\" content=\"index, follow, max-snippet:-1, max-image-preview:large, max-video-preview:-1\" \/>\n<link rel=\"canonical\" href=\"https:\/\/fecbop.eu\/fr\/bilan-de-competences\/formation-de-conseillers\/\" \/>\n<meta property=\"og:locale\" content=\"fr_FR\" \/>\n<meta property=\"og:type\" content=\"article\" \/>\n<meta property=\"og:title\" content=\"Formation de conseillers - FECBOP\" \/>\n<meta property=\"og:description\" content=\"The FECBOP provides official training for the provision of the\u00a0bilan de comp\u00e9tences.\u00a0The training is provided [&hellip;]\" \/>\n<meta property=\"og:url\" content=\"https:\/\/fecbop.eu\/fr\/bilan-de-competences\/formation-de-conseillers\/\" \/>\n<meta property=\"og:site_name\" content=\"FECBOP\" \/>\n<meta property=\"og:image\" content=\"http:\/\/www.fecbop.eu\/images\/CompCert\/compcert%20training%20EN.JPG\" \/>\n<meta name=\"twitter:card\" content=\"summary_large_image\" \/>\n<meta name=\"twitter:label1\" content=\"Dur\u00e9e de lecture estim\u00e9e\" \/>\n\t<meta name=\"twitter:data1\" content=\"1 minute\" \/>\n<script type=\"application\/ld+json\" class=\"yoast-schema-graph\">{\"@context\":\"https:\/\/schema.org\",\"@graph\":[{\"@type\":\"WebPage\",\"@id\":\"https:\/\/fecbop.eu\/fr\/bilan-de-competences\/formation-de-conseillers\/\",\"url\":\"https:\/\/fecbop.eu\/fr\/bilan-de-competences\/formation-de-conseillers\/\",\"name\":\"Formation de conseillers - FECBOP\",\"isPartOf\":{\"@id\":\"https:\/\/fecbop.eu\/#website\"},\"primaryImageOfPage\":{\"@id\":\"https:\/\/fecbop.eu\/fr\/bilan-de-competences\/formation-de-conseillers\/#primaryimage\"},\"image\":{\"@id\":\"https:\/\/fecbop.eu\/fr\/bilan-de-competences\/formation-de-conseillers\/#primaryimage\"},\"thumbnailUrl\":\"http:\/\/www.fecbop.eu\/images\/CompCert\/compcert%20training%20EN.JPG\",\"datePublished\":\"2020-03-28T16:39:02+00:00\",\"breadcrumb\":{\"@id\":\"https:\/\/fecbop.eu\/fr\/bilan-de-competences\/formation-de-conseillers\/#breadcrumb\"},\"inLanguage\":\"fr-FR\",\"potentialAction\":[{\"@type\":\"ReadAction\",\"target\":[\"https:\/\/fecbop.eu\/fr\/bilan-de-competences\/formation-de-conseillers\/\"]}]},{\"@type\":\"ImageObject\",\"inLanguage\":\"fr-FR\",\"@id\":\"https:\/\/fecbop.eu\/fr\/bilan-de-competences\/formation-de-conseillers\/#primaryimage\",\"url\":\"http:\/\/www.fecbop.eu\/images\/CompCert\/compcert%20training%20EN.JPG\",\"contentUrl\":\"http:\/\/www.fecbop.eu\/images\/CompCert\/compcert%20training%20EN.JPG\"},{\"@type\":\"BreadcrumbList\",\"@id\":\"https:\/\/fecbop.eu\/fr\/bilan-de-competences\/formation-de-conseillers\/#breadcrumb\",\"itemListElement\":[{\"@type\":\"ListItem\",\"position\":1,\"name\":\"Home\",\"item\":\"https:\/\/fecbop.eu\/fr\/fecbop\/\"},{\"@type\":\"ListItem\",\"position\":2,\"name\":\"Bilan de comp\u00e9tences\",\"item\":\"https:\/\/fecbop.eu\/fr\/bilan-de-competences\/\"},{\"@type\":\"ListItem\",\"position\":3,\"name\":\"Formation de conseillers\"}]},{\"@type\":\"WebSite\",\"@id\":\"https:\/\/fecbop.eu\/#website\",\"url\":\"https:\/\/fecbop.eu\/\",\"name\":\"F\u00e9d\u00e9ration Europ\u00e9enne des Centres de Bilan et d'Orientation professionnelle (FECBOP)\",\"description\":\"European Federation of Centres of Career Guidance  and Bilan de Comp\u00e9tences \/ F\u00e9d\u00e9ration Europ\u00e9enne des Centres de Bilan et d&#039;Orientation Professionnelle\",\"publisher\":{\"@id\":\"https:\/\/fecbop.eu\/#organization\"},\"alternateName\":\"European Federation of Career Guidance and Bilan de Comp\u00e9tences (FECBOP)\",\"potentialAction\":[{\"@type\":\"SearchAction\",\"target\":{\"@type\":\"EntryPoint\",\"urlTemplate\":\"https:\/\/fecbop.eu\/?s={search_term_string}\"},\"query-input\":{\"@type\":\"PropertyValueSpecification\",\"valueRequired\":true,\"valueName\":\"search_term_string\"}}],\"inLanguage\":\"fr-FR\"},{\"@type\":\"Organization\",\"@id\":\"https:\/\/fecbop.eu\/#organization\",\"name\":\"FECBOP - F\u00e9d\u00e9ration Europ\u00e9enne des Centres de Bilan et d'Orientation professionnelle \/ European Federation of Centres of Career Guidance and Bilan de Comp\u00e9tences\",\"url\":\"https:\/\/fecbop.eu\/\",\"logo\":{\"@type\":\"ImageObject\",\"inLanguage\":\"fr-FR\",\"@id\":\"https:\/\/fecbop.eu\/#\/schema\/logo\/image\/\",\"url\":\"https:\/\/fecbop.eu\/wp-content\/uploads\/2009\/06\/fecbop.jpg\",\"contentUrl\":\"https:\/\/fecbop.eu\/wp-content\/uploads\/2009\/06\/fecbop.jpg\",\"width\":567,\"height\":387,\"caption\":\"FECBOP - F\u00e9d\u00e9ration Europ\u00e9enne des Centres de Bilan et d'Orientation professionnelle \/ European Federation of Centres of Career Guidance and Bilan de Comp\u00e9tences\"},\"image\":{\"@id\":\"https:\/\/fecbop.eu\/#\/schema\/logo\/image\/\"}}]}<\/script>\n<!-- \/ Yoast SEO plugin. -->","yoast_head_json":{"title":"Formation de conseillers - FECBOP","robots":{"index":"index","follow":"follow","max-snippet":"max-snippet:-1","max-image-preview":"max-image-preview:large","max-video-preview":"max-video-preview:-1"},"canonical":"https:\/\/fecbop.eu\/fr\/bilan-de-competences\/formation-de-conseillers\/","og_locale":"fr_FR","og_type":"article","og_title":"Formation de conseillers - FECBOP","og_description":"The FECBOP provides official training for the provision of the\u00a0bilan de comp\u00e9tences.\u00a0The training is provided [&hellip;]","og_url":"https:\/\/fecbop.eu\/fr\/bilan-de-competences\/formation-de-conseillers\/","og_site_name":"FECBOP","og_image":[{"url":"http:\/\/www.fecbop.eu\/images\/CompCert\/compcert%20training%20EN.JPG","type":"","width":"","height":""}],"twitter_card":"summary_large_image","twitter_misc":{"Dur\u00e9e de lecture estim\u00e9e":"1 minute"},"schema":{"@context":"https:\/\/schema.org","@graph":[{"@type":"WebPage","@id":"https:\/\/fecbop.eu\/fr\/bilan-de-competences\/formation-de-conseillers\/","url":"https:\/\/fecbop.eu\/fr\/bilan-de-competences\/formation-de-conseillers\/","name":"Formation de conseillers - FECBOP","isPartOf":{"@id":"https:\/\/fecbop.eu\/#website"},"primaryImageOfPage":{"@id":"https:\/\/fecbop.eu\/fr\/bilan-de-competences\/formation-de-conseillers\/#primaryimage"},"image":{"@id":"https:\/\/fecbop.eu\/fr\/bilan-de-competences\/formation-de-conseillers\/#primaryimage"},"thumbnailUrl":"http:\/\/www.fecbop.eu\/images\/CompCert\/compcert%20training%20EN.JPG","datePublished":"2020-03-28T16:39:02+00:00","breadcrumb":{"@id":"https:\/\/fecbop.eu\/fr\/bilan-de-competences\/formation-de-conseillers\/#breadcrumb"},"inLanguage":"fr-FR","potentialAction":[{"@type":"ReadAction","target":["https:\/\/fecbop.eu\/fr\/bilan-de-competences\/formation-de-conseillers\/"]}]},{"@type":"ImageObject","inLanguage":"fr-FR","@id":"https:\/\/fecbop.eu\/fr\/bilan-de-competences\/formation-de-conseillers\/#primaryimage","url":"http:\/\/www.fecbop.eu\/images\/CompCert\/compcert%20training%20EN.JPG","contentUrl":"http:\/\/www.fecbop.eu\/images\/CompCert\/compcert%20training%20EN.JPG"},{"@type":"BreadcrumbList","@id":"https:\/\/fecbop.eu\/fr\/bilan-de-competences\/formation-de-conseillers\/#breadcrumb","itemListElement":[{"@type":"ListItem","position":1,"name":"Home","item":"https:\/\/fecbop.eu\/fr\/fecbop\/"},{"@type":"ListItem","position":2,"name":"Bilan de comp\u00e9tences","item":"https:\/\/fecbop.eu\/fr\/bilan-de-competences\/"},{"@type":"ListItem","position":3,"name":"Formation de conseillers"}]},{"@type":"WebSite","@id":"https:\/\/fecbop.eu\/#website","url":"https:\/\/fecbop.eu\/","name":"F\u00e9d\u00e9ration Europ\u00e9enne des Centres de Bilan et d'Orientation professionnelle (FECBOP)","description":"European Federation of Centres of Career Guidance  and Bilan de Comp\u00e9tences \/ F\u00e9d\u00e9ration Europ\u00e9enne des Centres de Bilan et d&#039;Orientation Professionnelle","publisher":{"@id":"https:\/\/fecbop.eu\/#organization"},"alternateName":"European Federation of Career Guidance and Bilan de Comp\u00e9tences (FECBOP)","potentialAction":[{"@type":"SearchAction","target":{"@type":"EntryPoint","urlTemplate":"https:\/\/fecbop.eu\/?s={search_term_string}"},"query-input":{"@type":"PropertyValueSpecification","valueRequired":true,"valueName":"search_term_string"}}],"inLanguage":"fr-FR"},{"@type":"Organization","@id":"https:\/\/fecbop.eu\/#organization","name":"FECBOP - F\u00e9d\u00e9ration Europ\u00e9enne des Centres de Bilan et d'Orientation professionnelle \/ European Federation of Centres of Career Guidance and Bilan de Comp\u00e9tences","url":"https:\/\/fecbop.eu\/","logo":{"@type":"ImageObject","inLanguage":"fr-FR","@id":"https:\/\/fecbop.eu\/#\/schema\/logo\/image\/","url":"https:\/\/fecbop.eu\/wp-content\/uploads\/2009\/06\/fecbop.jpg","contentUrl":"https:\/\/fecbop.eu\/wp-content\/uploads\/2009\/06\/fecbop.jpg","width":567,"height":387,"caption":"FECBOP - F\u00e9d\u00e9ration Europ\u00e9enne des Centres de Bilan et d'Orientation professionnelle \/ European Federation of Centres of Career Guidance and Bilan de Comp\u00e9tences"},"image":{"@id":"https:\/\/fecbop.eu\/#\/schema\/logo\/image\/"}}]}},"_links":{"self":[{"href":"https:\/\/fecbop.eu\/fr\/wp-json\/wp\/v2\/pages\/459","targetHints":{"allow":["GET"]}}],"collection":[{"href":"https:\/\/fecbop.eu\/fr\/wp-json\/wp\/v2\/pages"}],"about":[{"href":"https:\/\/fecbop.eu\/fr\/wp-json\/wp\/v2\/types\/page"}],"author":[{"embeddable":true,"href":"https:\/\/fecbop.eu\/fr\/wp-json\/wp\/v2\/users\/1"}],"replies":[{"embeddable":true,"href":"https:\/\/fecbop.eu\/fr\/wp-json\/wp\/v2\/comments?post=459"}],"version-history":[{"count":1,"href":"https:\/\/fecbop.eu\/fr\/wp-json\/wp\/v2\/pages\/459\/revisions"}],"predecessor-version":[{"id":460,"href":"https:\/\/fecbop.eu\/fr\/wp-json\/wp\/v2\/pages\/459\/revisions\/460"}],"up":[{"embeddable":true,"href":"https:\/\/fecbop.eu\/fr\/wp-json\/wp\/v2\/pages\/440"}],"wp:attachment":[{"href":"https:\/\/fecbop.eu\/fr\/wp-json\/wp\/v2\/media?parent=459"}],"curies":[{"name":"wp","href":"https:\/\/api.w.org\/{rel}","templated":true}]}}