{"id":444,"date":"2020-03-28T16:13:06","date_gmt":"2020-03-28T16:13:06","guid":{"rendered":"https:\/\/fecbop.eu\/?page_id=444"},"modified":"2020-03-28T16:23:37","modified_gmt":"2020-03-28T16:23:37","slug":"qui-sommes-nous","status":"publish","type":"page","link":"https:\/\/fecbop.eu\/fr\/qui-sommes-nous\/","title":{"rendered":"Qui sommes-nous"},"content":{"rendered":"<p style=\"text-align: justify;\">La F\u00e9d\u00e9ration europ\u00e9enne des Centres de Bilan et d&rsquo;Orientation Professionnelle (FECBOP) <strong>rassemble<\/strong>, au niveau europ\u00e9en, <strong>des organismes<\/strong> intervenant dans les domaines <strong>de l&rsquo;orientation professionnelle, du conseil en carri\u00e8re, de la valorisation des acquis et de la pratique du bilan de comp\u00e9tences<\/strong>.<\/p>\n<p style=\"text-align: justify;\">Le label de qualit\u00e9 d\u00e9livr\u00e9 par la f\u00e9d\u00e9ration garantit la <strong>volont\u00e9<\/strong> de ses membres <strong>d&rsquo;une<\/strong> d\u00e9ontologie commune dans leurs pratiques de professionnels et leurs techniques.<\/p>\n<p style=\"text-align: justify;\"><strong>Sa mission:<\/strong><\/p>\n<p style=\"text-align: justify;\">Promouvoir au niveau international les principes, les m\u00e9thodologies et l&rsquo;image du bilan de comp\u00e9tence en faveur de ses membres <strong>ET de ses clients<\/strong> salari\u00e9s, demandeurs d&#8217;emploi ou employeurs.<br \/>\nAu-del\u00e0 des fronti\u00e8res, la FECBOP promeut <strong>l&rsquo;homog\u00e9n\u00e9it\u00e9 des pratiques<\/strong> d\u00e9ontologiques et m\u00e9thodologiques.<\/p>\n","protected":false},"excerpt":{"rendered":"<p>La F\u00e9d\u00e9ration europ\u00e9enne des Centres de Bilan et d&rsquo;Orientation Professionnelle (FECBOP) rassemble, au niveau europ\u00e9en, [&hellip;]<\/p>\n","protected":false},"author":1,"featured_media":0,"parent":0,"menu_order":0,"comment_status":"closed","ping_status":"closed","template":"","meta":{"footnotes":""},"class_list":["post-444","page","type-page","status-publish","hentry"],"yoast_head":"<!-- This site is optimized with the Yoast SEO plugin v26.5 - https:\/\/yoast.com\/wordpress\/plugins\/seo\/ -->\n<title>Qui sommes-nous - FECBOP<\/title>\n<meta name=\"robots\" content=\"index, follow, max-snippet:-1, max-image-preview:large, max-video-preview:-1\" \/>\n<link rel=\"canonical\" href=\"https:\/\/fecbop.eu\/fr\/qui-sommes-nous\/\" \/>\n<meta property=\"og:locale\" content=\"fr_FR\" \/>\n<meta property=\"og:type\" content=\"article\" \/>\n<meta property=\"og:title\" content=\"Qui sommes-nous - FECBOP\" \/>\n<meta property=\"og:description\" content=\"La F\u00e9d\u00e9ration europ\u00e9enne des Centres de Bilan et d&rsquo;Orientation Professionnelle (FECBOP) rassemble, au niveau europ\u00e9en, [&hellip;]\" \/>\n<meta property=\"og:url\" content=\"https:\/\/fecbop.eu\/fr\/qui-sommes-nous\/\" \/>\n<meta property=\"og:site_name\" content=\"FECBOP\" \/>\n<meta property=\"article:modified_time\" content=\"2020-03-28T16:23:37+00:00\" \/>\n<meta property=\"og:image\" content=\"https:\/\/fecbop.eu\/wp-content\/uploads\/2009\/06\/fecbop.jpg\" \/>\n\t<meta property=\"og:image:width\" content=\"567\" \/>\n\t<meta property=\"og:image:height\" content=\"387\" \/>\n\t<meta property=\"og:image:type\" content=\"image\/jpeg\" \/>\n<meta name=\"twitter:card\" content=\"summary_large_image\" \/>\n<meta name=\"twitter:label1\" content=\"Dur\u00e9e de lecture estim\u00e9e\" \/>\n\t<meta name=\"twitter:data1\" content=\"1 minute\" \/>\n<script type=\"application\/ld+json\" class=\"yoast-schema-graph\">{\"@context\":\"https:\/\/schema.org\",\"@graph\":[{\"@type\":\"WebPage\",\"@id\":\"https:\/\/fecbop.eu\/fr\/qui-sommes-nous\/\",\"url\":\"https:\/\/fecbop.eu\/fr\/qui-sommes-nous\/\",\"name\":\"Qui sommes-nous - FECBOP\",\"isPartOf\":{\"@id\":\"https:\/\/fecbop.eu\/#website\"},\"datePublished\":\"2020-03-28T16:13:06+00:00\",\"dateModified\":\"2020-03-28T16:23:37+00:00\",\"breadcrumb\":{\"@id\":\"https:\/\/fecbop.eu\/fr\/qui-sommes-nous\/#breadcrumb\"},\"inLanguage\":\"fr-FR\",\"potentialAction\":[{\"@type\":\"ReadAction\",\"target\":[\"https:\/\/fecbop.eu\/fr\/qui-sommes-nous\/\"]}]},{\"@type\":\"BreadcrumbList\",\"@id\":\"https:\/\/fecbop.eu\/fr\/qui-sommes-nous\/#breadcrumb\",\"itemListElement\":[{\"@type\":\"ListItem\",\"position\":1,\"name\":\"Home\",\"item\":\"https:\/\/fecbop.eu\/fr\/fecbop\/\"},{\"@type\":\"ListItem\",\"position\":2,\"name\":\"Qui sommes-nous\"}]},{\"@type\":\"WebSite\",\"@id\":\"https:\/\/fecbop.eu\/#website\",\"url\":\"https:\/\/fecbop.eu\/\",\"name\":\"F\u00e9d\u00e9ration Europ\u00e9enne des Centres de Bilan et d'Orientation professionnelle (FECBOP)\",\"description\":\"European Federation of Centres of Career Guidance  and Bilan de Comp\u00e9tences \/ F\u00e9d\u00e9ration Europ\u00e9enne des Centres de Bilan et d&#039;Orientation Professionnelle\",\"publisher\":{\"@id\":\"https:\/\/fecbop.eu\/#organization\"},\"alternateName\":\"European Federation of Career Guidance and Bilan de Comp\u00e9tences (FECBOP)\",\"potentialAction\":[{\"@type\":\"SearchAction\",\"target\":{\"@type\":\"EntryPoint\",\"urlTemplate\":\"https:\/\/fecbop.eu\/?s={search_term_string}\"},\"query-input\":{\"@type\":\"PropertyValueSpecification\",\"valueRequired\":true,\"valueName\":\"search_term_string\"}}],\"inLanguage\":\"fr-FR\"},{\"@type\":\"Organization\",\"@id\":\"https:\/\/fecbop.eu\/#organization\",\"name\":\"FECBOP - F\u00e9d\u00e9ration Europ\u00e9enne des Centres de Bilan et d'Orientation professionnelle \/ European Federation of Centres of Career Guidance and Bilan de Comp\u00e9tences\",\"url\":\"https:\/\/fecbop.eu\/\",\"logo\":{\"@type\":\"ImageObject\",\"inLanguage\":\"fr-FR\",\"@id\":\"https:\/\/fecbop.eu\/#\/schema\/logo\/image\/\",\"url\":\"https:\/\/fecbop.eu\/wp-content\/uploads\/2009\/06\/fecbop.jpg\",\"contentUrl\":\"https:\/\/fecbop.eu\/wp-content\/uploads\/2009\/06\/fecbop.jpg\",\"width\":567,\"height\":387,\"caption\":\"FECBOP - F\u00e9d\u00e9ration Europ\u00e9enne des Centres de Bilan et d'Orientation professionnelle \/ European Federation of Centres of Career Guidance and Bilan de Comp\u00e9tences\"},\"image\":{\"@id\":\"https:\/\/fecbop.eu\/#\/schema\/logo\/image\/\"}}]}<\/script>\n<!-- \/ Yoast SEO plugin. -->","yoast_head_json":{"title":"Qui sommes-nous - FECBOP","robots":{"index":"index","follow":"follow","max-snippet":"max-snippet:-1","max-image-preview":"max-image-preview:large","max-video-preview":"max-video-preview:-1"},"canonical":"https:\/\/fecbop.eu\/fr\/qui-sommes-nous\/","og_locale":"fr_FR","og_type":"article","og_title":"Qui sommes-nous - FECBOP","og_description":"La F\u00e9d\u00e9ration europ\u00e9enne des Centres de Bilan et d&rsquo;Orientation Professionnelle (FECBOP) rassemble, au niveau europ\u00e9en, [&hellip;]","og_url":"https:\/\/fecbop.eu\/fr\/qui-sommes-nous\/","og_site_name":"FECBOP","article_modified_time":"2020-03-28T16:23:37+00:00","og_image":[{"width":567,"height":387,"url":"https:\/\/fecbop.eu\/wp-content\/uploads\/2009\/06\/fecbop.jpg","type":"image\/jpeg"}],"twitter_card":"summary_large_image","twitter_misc":{"Dur\u00e9e de lecture estim\u00e9e":"1 minute"},"schema":{"@context":"https:\/\/schema.org","@graph":[{"@type":"WebPage","@id":"https:\/\/fecbop.eu\/fr\/qui-sommes-nous\/","url":"https:\/\/fecbop.eu\/fr\/qui-sommes-nous\/","name":"Qui sommes-nous - FECBOP","isPartOf":{"@id":"https:\/\/fecbop.eu\/#website"},"datePublished":"2020-03-28T16:13:06+00:00","dateModified":"2020-03-28T16:23:37+00:00","breadcrumb":{"@id":"https:\/\/fecbop.eu\/fr\/qui-sommes-nous\/#breadcrumb"},"inLanguage":"fr-FR","potentialAction":[{"@type":"ReadAction","target":["https:\/\/fecbop.eu\/fr\/qui-sommes-nous\/"]}]},{"@type":"BreadcrumbList","@id":"https:\/\/fecbop.eu\/fr\/qui-sommes-nous\/#breadcrumb","itemListElement":[{"@type":"ListItem","position":1,"name":"Home","item":"https:\/\/fecbop.eu\/fr\/fecbop\/"},{"@type":"ListItem","position":2,"name":"Qui sommes-nous"}]},{"@type":"WebSite","@id":"https:\/\/fecbop.eu\/#website","url":"https:\/\/fecbop.eu\/","name":"F\u00e9d\u00e9ration Europ\u00e9enne des Centres de Bilan et d'Orientation professionnelle (FECBOP)","description":"European Federation of Centres of Career Guidance  and Bilan de Comp\u00e9tences \/ F\u00e9d\u00e9ration Europ\u00e9enne des Centres de Bilan et d&#039;Orientation Professionnelle","publisher":{"@id":"https:\/\/fecbop.eu\/#organization"},"alternateName":"European Federation of Career Guidance and Bilan de Comp\u00e9tences (FECBOP)","potentialAction":[{"@type":"SearchAction","target":{"@type":"EntryPoint","urlTemplate":"https:\/\/fecbop.eu\/?s={search_term_string}"},"query-input":{"@type":"PropertyValueSpecification","valueRequired":true,"valueName":"search_term_string"}}],"inLanguage":"fr-FR"},{"@type":"Organization","@id":"https:\/\/fecbop.eu\/#organization","name":"FECBOP - F\u00e9d\u00e9ration Europ\u00e9enne des Centres de Bilan et d'Orientation professionnelle \/ European Federation of Centres of Career Guidance and Bilan de Comp\u00e9tences","url":"https:\/\/fecbop.eu\/","logo":{"@type":"ImageObject","inLanguage":"fr-FR","@id":"https:\/\/fecbop.eu\/#\/schema\/logo\/image\/","url":"https:\/\/fecbop.eu\/wp-content\/uploads\/2009\/06\/fecbop.jpg","contentUrl":"https:\/\/fecbop.eu\/wp-content\/uploads\/2009\/06\/fecbop.jpg","width":567,"height":387,"caption":"FECBOP - F\u00e9d\u00e9ration Europ\u00e9enne des Centres de Bilan et d'Orientation professionnelle \/ European Federation of Centres of Career Guidance and Bilan de Comp\u00e9tences"},"image":{"@id":"https:\/\/fecbop.eu\/#\/schema\/logo\/image\/"}}]}},"_links":{"self":[{"href":"https:\/\/fecbop.eu\/fr\/wp-json\/wp\/v2\/pages\/444","targetHints":{"allow":["GET"]}}],"collection":[{"href":"https:\/\/fecbop.eu\/fr\/wp-json\/wp\/v2\/pages"}],"about":[{"href":"https:\/\/fecbop.eu\/fr\/wp-json\/wp\/v2\/types\/page"}],"author":[{"embeddable":true,"href":"https:\/\/fecbop.eu\/fr\/wp-json\/wp\/v2\/users\/1"}],"replies":[{"embeddable":true,"href":"https:\/\/fecbop.eu\/fr\/wp-json\/wp\/v2\/comments?post=444"}],"version-history":[{"count":2,"href":"https:\/\/fecbop.eu\/fr\/wp-json\/wp\/v2\/pages\/444\/revisions"}],"predecessor-version":[{"id":446,"href":"https:\/\/fecbop.eu\/fr\/wp-json\/wp\/v2\/pages\/444\/revisions\/446"}],"wp:attachment":[{"href":"https:\/\/fecbop.eu\/fr\/wp-json\/wp\/v2\/media?parent=444"}],"curies":[{"name":"wp","href":"https:\/\/api.w.org\/{rel}","templated":true}]}}