{"id":440,"date":"2020-03-28T16:07:29","date_gmt":"2020-03-28T16:07:29","guid":{"rendered":"https:\/\/fecbop.eu\/?page_id=440"},"modified":"2020-03-28T16:07:29","modified_gmt":"2020-03-28T16:07:29","slug":"bilan-de-competences","status":"publish","type":"page","link":"https:\/\/fecbop.eu\/fr\/bilan-de-competences\/","title":{"rendered":"Bilan de comp\u00e9tences"},"content":{"rendered":"<div class=\"box\" style=\"text-align: left;\">\n<div style=\"float: right; margin-left: 6px; margin-bottom: 6px;\">\n<p>&nbsp;<\/p>\n<\/div>\n<\/div>\n<div class=\"box\" style=\"text-align: left;\">\n<p>Destin\u00e9 \u00e0 tous, il permet d&rsquo;identifier et de valoriser:<\/p>\n<\/div>\n<div class=\"box\" style=\"text-align: left;\">\n<ul>\n<li>\u00a0\u00a0\u00a0 des comp\u00e9tences professionnelles et personnelles<\/li>\n<li>\u00a0\u00a0\u00a0 des aptitudes et potentialit\u00e9s<\/li>\n<li>\u00a0\u00a0\u00a0 des int\u00e9r\u00eats et motivations<\/li>\n<\/ul>\n<\/div>\n<div class=\"box\" style=\"text-align: left;\">\n<p>dans l&rsquo;objectif :<\/p>\n<\/div>\n<div class=\"box\" style=\"text-align: left;\">\n<ul>\n<li>\u00a0\u00a0\u00a0 d&rsquo;\u00e9laborer une strat\u00e9gie professionnelle<\/li>\n<li>\u00a0\u00a0\u00a0 de d\u00e9velopper des comp\u00e9tences au sein d&rsquo;un m\u00e9tier<\/li>\n<li>\u00a0\u00a0\u00a0 de construire un parcours de formation<\/li>\n<li>\u00a0\u00a0\u00a0 de pr\u00e9parer une Validation des Acquis de l&rsquo;Exp\u00e9rience<\/li>\n<li>\u00a0\u00a0\u00a0 d&rsquo;accompagner une mobilit\u00e9 externe ou interne<\/li>\n<li>\u00a0\u00a0\u00a0 de savoir dire ses comp\u00e9tences<\/li>\n<\/ul>\n<\/div>\n<p>Une d\u00e9marche en trois \u00e9tapes qui se d\u00e9roule g\u00e9n\u00e9ralement sur 6 \u00e0 8 semaines pour une dur\u00e9e moyenne de 16 \u00e0 24 heures :<\/p>\n<p><strong>1\u00e8re \u00e9tape :<\/strong><br \/>\nElle permet de confirmer l&rsquo;engagement du b\u00e9n\u00e9ficiaire, apr\u00e8s l&rsquo;avoir inform\u00e9 des conditions de d\u00e9roulement , des m\u00e9thodes et outils utilis\u00e9s. Apr\u00e8s analyse de la demande, les objectifs \u00e0 atteindre sont d\u00e9finis et contractualis\u00e9s.<\/p>\n<p><strong>2\u00e8me \u00e9tape<\/strong> :<br \/>\nCette phase constitue le coeur de la d\u00e9marche de bilan. Elle permet, en fonction des objectifs d\u00e9termin\u00e9s lors de la phase pr\u00e9c\u00e9dente, de :<\/p>\n<ul>\n<li>identifier :\n<ul>\n<li>les centres d\u2019int\u00e9r\u00eats et motivations<\/li>\n<li>les connaissances<\/li>\n<li>les diff\u00e9rents domaines de comp\u00e9tences<\/li>\n<li>les points forts et les axes de progr\u00e8s<\/li>\n<\/ul>\n<\/li>\n<li>mieux se conna\u00eetre<\/li>\n<li>mieux conna\u00eetre l&rsquo;environnement professionnel et \u00e9conomique (\u00e9volution de l&rsquo;entreprise, du march\u00e9 de l\u2019emploi, les m\u00e9tiers, les formations,etc.)<\/li>\n<li>d\u00e9terminer les pistes qui feront l\u2019objet du projet professionnel.<\/li>\n<\/ul>\n<p>Cette phase fait appel \u00e0 la comp\u00e9tence de professionnels qualifi\u00e9s form\u00e9s \u00e0 l\u2019utilisation de m\u00e9thodes et moyens adapt\u00e9s.<\/p>\n<p><strong>3\u00e8me \u00e9tape :<\/strong><br \/>\nC\u2019est la restitution du bilan avec :<\/p>\n<ul>\n<li>le recensement des r\u00e9sultats de la phase d\u2019investigation (2\u00e8me \u00e9tape) et la synth\u00e8se du bilan<\/li>\n<li>l\u2019identification des facteurs de r\u00e9ussite ou des freins intervenant dans la r\u00e9alisation du projet professionnel<\/li>\n<li>la d\u00e9finition des principales \u00e9tapes pour la mise en \u0153uvre du projet<\/li>\n<\/ul>\n<p>Cette derni\u00e8re phase donne lieu \u00e0 la r\u00e9daction et \u00e0 la restitution d\u2019un document de synth\u00e8se.<\/p>\n<p>Ce document ne peut comporter d\u2019autres \u00e9l\u00e9ments que :<\/p>\n<ul>\n<li>les circonstances du bilan<\/li>\n<li>les comp\u00e9tences acquises et \u00e0 d\u00e9velopper en fonction du projet<\/li>\n<li>le plan d\u2019action<\/li>\n<\/ul>\n","protected":false},"excerpt":{"rendered":"<p>&nbsp; Destin\u00e9 \u00e0 tous, il permet d&rsquo;identifier et de valoriser: \u00a0\u00a0\u00a0 des comp\u00e9tences professionnelles et [&hellip;]<\/p>\n","protected":false},"author":1,"featured_media":0,"parent":0,"menu_order":0,"comment_status":"closed","ping_status":"closed","template":"","meta":{"footnotes":""},"class_list":["post-440","page","type-page","status-publish","hentry"],"yoast_head":"<!-- This site is optimized with the Yoast SEO plugin v26.5 - https:\/\/yoast.com\/wordpress\/plugins\/seo\/ -->\n<title>Bilan de comp\u00e9tences - FECBOP<\/title>\n<meta name=\"robots\" content=\"index, follow, max-snippet:-1, max-image-preview:large, max-video-preview:-1\" \/>\n<link rel=\"canonical\" href=\"https:\/\/fecbop.eu\/fr\/bilan-de-competences\/\" \/>\n<meta property=\"og:locale\" content=\"fr_FR\" \/>\n<meta property=\"og:type\" content=\"article\" \/>\n<meta property=\"og:title\" content=\"Bilan de comp\u00e9tences - FECBOP\" \/>\n<meta property=\"og:description\" content=\"&nbsp; Destin\u00e9 \u00e0 tous, il permet d&rsquo;identifier et de valoriser: \u00a0\u00a0\u00a0 des comp\u00e9tences professionnelles et [&hellip;]\" \/>\n<meta property=\"og:url\" content=\"https:\/\/fecbop.eu\/fr\/bilan-de-competences\/\" \/>\n<meta property=\"og:site_name\" content=\"FECBOP\" \/>\n<meta property=\"og:image\" content=\"https:\/\/fecbop.eu\/wp-content\/uploads\/2009\/06\/fecbop.jpg\" \/>\n\t<meta property=\"og:image:width\" content=\"567\" \/>\n\t<meta property=\"og:image:height\" content=\"387\" \/>\n\t<meta property=\"og:image:type\" content=\"image\/jpeg\" \/>\n<meta name=\"twitter:card\" content=\"summary_large_image\" \/>\n<meta name=\"twitter:label1\" content=\"Dur\u00e9e de lecture estim\u00e9e\" \/>\n\t<meta name=\"twitter:data1\" content=\"2 minutes\" \/>\n<script type=\"application\/ld+json\" class=\"yoast-schema-graph\">{\"@context\":\"https:\/\/schema.org\",\"@graph\":[{\"@type\":\"WebPage\",\"@id\":\"https:\/\/fecbop.eu\/fr\/bilan-de-competences\/\",\"url\":\"https:\/\/fecbop.eu\/fr\/bilan-de-competences\/\",\"name\":\"Bilan de comp\u00e9tences - FECBOP\",\"isPartOf\":{\"@id\":\"https:\/\/fecbop.eu\/#website\"},\"datePublished\":\"2020-03-28T16:07:29+00:00\",\"breadcrumb\":{\"@id\":\"https:\/\/fecbop.eu\/fr\/bilan-de-competences\/#breadcrumb\"},\"inLanguage\":\"fr-FR\",\"potentialAction\":[{\"@type\":\"ReadAction\",\"target\":[\"https:\/\/fecbop.eu\/fr\/bilan-de-competences\/\"]}]},{\"@type\":\"BreadcrumbList\",\"@id\":\"https:\/\/fecbop.eu\/fr\/bilan-de-competences\/#breadcrumb\",\"itemListElement\":[{\"@type\":\"ListItem\",\"position\":1,\"name\":\"Home\",\"item\":\"https:\/\/fecbop.eu\/fr\/fecbop\/\"},{\"@type\":\"ListItem\",\"position\":2,\"name\":\"Bilan de comp\u00e9tences\"}]},{\"@type\":\"WebSite\",\"@id\":\"https:\/\/fecbop.eu\/#website\",\"url\":\"https:\/\/fecbop.eu\/\",\"name\":\"F\u00e9d\u00e9ration Europ\u00e9enne des Centres de Bilan et d'Orientation professionnelle (FECBOP)\",\"description\":\"European Federation of Centres of Career Guidance  and Bilan de Comp\u00e9tences \/ F\u00e9d\u00e9ration Europ\u00e9enne des Centres de Bilan et d&#039;Orientation Professionnelle\",\"publisher\":{\"@id\":\"https:\/\/fecbop.eu\/#organization\"},\"alternateName\":\"European Federation of Career Guidance and Bilan de Comp\u00e9tences (FECBOP)\",\"potentialAction\":[{\"@type\":\"SearchAction\",\"target\":{\"@type\":\"EntryPoint\",\"urlTemplate\":\"https:\/\/fecbop.eu\/?s={search_term_string}\"},\"query-input\":{\"@type\":\"PropertyValueSpecification\",\"valueRequired\":true,\"valueName\":\"search_term_string\"}}],\"inLanguage\":\"fr-FR\"},{\"@type\":\"Organization\",\"@id\":\"https:\/\/fecbop.eu\/#organization\",\"name\":\"FECBOP - F\u00e9d\u00e9ration Europ\u00e9enne des Centres de Bilan et d'Orientation professionnelle \/ European Federation of Centres of Career Guidance and Bilan de Comp\u00e9tences\",\"url\":\"https:\/\/fecbop.eu\/\",\"logo\":{\"@type\":\"ImageObject\",\"inLanguage\":\"fr-FR\",\"@id\":\"https:\/\/fecbop.eu\/#\/schema\/logo\/image\/\",\"url\":\"https:\/\/fecbop.eu\/wp-content\/uploads\/2009\/06\/fecbop.jpg\",\"contentUrl\":\"https:\/\/fecbop.eu\/wp-content\/uploads\/2009\/06\/fecbop.jpg\",\"width\":567,\"height\":387,\"caption\":\"FECBOP - F\u00e9d\u00e9ration Europ\u00e9enne des Centres de Bilan et d'Orientation professionnelle \/ European Federation of Centres of Career Guidance and Bilan de Comp\u00e9tences\"},\"image\":{\"@id\":\"https:\/\/fecbop.eu\/#\/schema\/logo\/image\/\"}}]}<\/script>\n<!-- \/ Yoast SEO plugin. -->","yoast_head_json":{"title":"Bilan de comp\u00e9tences - FECBOP","robots":{"index":"index","follow":"follow","max-snippet":"max-snippet:-1","max-image-preview":"max-image-preview:large","max-video-preview":"max-video-preview:-1"},"canonical":"https:\/\/fecbop.eu\/fr\/bilan-de-competences\/","og_locale":"fr_FR","og_type":"article","og_title":"Bilan de comp\u00e9tences - FECBOP","og_description":"&nbsp; Destin\u00e9 \u00e0 tous, il permet d&rsquo;identifier et de valoriser: \u00a0\u00a0\u00a0 des comp\u00e9tences professionnelles et [&hellip;]","og_url":"https:\/\/fecbop.eu\/fr\/bilan-de-competences\/","og_site_name":"FECBOP","og_image":[{"width":567,"height":387,"url":"https:\/\/fecbop.eu\/wp-content\/uploads\/2009\/06\/fecbop.jpg","type":"image\/jpeg"}],"twitter_card":"summary_large_image","twitter_misc":{"Dur\u00e9e de lecture estim\u00e9e":"2 minutes"},"schema":{"@context":"https:\/\/schema.org","@graph":[{"@type":"WebPage","@id":"https:\/\/fecbop.eu\/fr\/bilan-de-competences\/","url":"https:\/\/fecbop.eu\/fr\/bilan-de-competences\/","name":"Bilan de comp\u00e9tences - FECBOP","isPartOf":{"@id":"https:\/\/fecbop.eu\/#website"},"datePublished":"2020-03-28T16:07:29+00:00","breadcrumb":{"@id":"https:\/\/fecbop.eu\/fr\/bilan-de-competences\/#breadcrumb"},"inLanguage":"fr-FR","potentialAction":[{"@type":"ReadAction","target":["https:\/\/fecbop.eu\/fr\/bilan-de-competences\/"]}]},{"@type":"BreadcrumbList","@id":"https:\/\/fecbop.eu\/fr\/bilan-de-competences\/#breadcrumb","itemListElement":[{"@type":"ListItem","position":1,"name":"Home","item":"https:\/\/fecbop.eu\/fr\/fecbop\/"},{"@type":"ListItem","position":2,"name":"Bilan de comp\u00e9tences"}]},{"@type":"WebSite","@id":"https:\/\/fecbop.eu\/#website","url":"https:\/\/fecbop.eu\/","name":"F\u00e9d\u00e9ration Europ\u00e9enne des Centres de Bilan et d'Orientation professionnelle (FECBOP)","description":"European Federation of Centres of Career Guidance  and Bilan de Comp\u00e9tences \/ F\u00e9d\u00e9ration Europ\u00e9enne des Centres de Bilan et d&#039;Orientation Professionnelle","publisher":{"@id":"https:\/\/fecbop.eu\/#organization"},"alternateName":"European Federation of Career Guidance and Bilan de Comp\u00e9tences (FECBOP)","potentialAction":[{"@type":"SearchAction","target":{"@type":"EntryPoint","urlTemplate":"https:\/\/fecbop.eu\/?s={search_term_string}"},"query-input":{"@type":"PropertyValueSpecification","valueRequired":true,"valueName":"search_term_string"}}],"inLanguage":"fr-FR"},{"@type":"Organization","@id":"https:\/\/fecbop.eu\/#organization","name":"FECBOP - F\u00e9d\u00e9ration Europ\u00e9enne des Centres de Bilan et d'Orientation professionnelle \/ European Federation of Centres of Career Guidance and Bilan de Comp\u00e9tences","url":"https:\/\/fecbop.eu\/","logo":{"@type":"ImageObject","inLanguage":"fr-FR","@id":"https:\/\/fecbop.eu\/#\/schema\/logo\/image\/","url":"https:\/\/fecbop.eu\/wp-content\/uploads\/2009\/06\/fecbop.jpg","contentUrl":"https:\/\/fecbop.eu\/wp-content\/uploads\/2009\/06\/fecbop.jpg","width":567,"height":387,"caption":"FECBOP - F\u00e9d\u00e9ration Europ\u00e9enne des Centres de Bilan et d'Orientation professionnelle \/ European Federation of Centres of Career Guidance and Bilan de Comp\u00e9tences"},"image":{"@id":"https:\/\/fecbop.eu\/#\/schema\/logo\/image\/"}}]}},"_links":{"self":[{"href":"https:\/\/fecbop.eu\/fr\/wp-json\/wp\/v2\/pages\/440","targetHints":{"allow":["GET"]}}],"collection":[{"href":"https:\/\/fecbop.eu\/fr\/wp-json\/wp\/v2\/pages"}],"about":[{"href":"https:\/\/fecbop.eu\/fr\/wp-json\/wp\/v2\/types\/page"}],"author":[{"embeddable":true,"href":"https:\/\/fecbop.eu\/fr\/wp-json\/wp\/v2\/users\/1"}],"replies":[{"embeddable":true,"href":"https:\/\/fecbop.eu\/fr\/wp-json\/wp\/v2\/comments?post=440"}],"version-history":[{"count":1,"href":"https:\/\/fecbop.eu\/fr\/wp-json\/wp\/v2\/pages\/440\/revisions"}],"predecessor-version":[{"id":441,"href":"https:\/\/fecbop.eu\/fr\/wp-json\/wp\/v2\/pages\/440\/revisions\/441"}],"wp:attachment":[{"href":"https:\/\/fecbop.eu\/fr\/wp-json\/wp\/v2\/media?parent=440"}],"curies":[{"name":"wp","href":"https:\/\/api.w.org\/{rel}","templated":true}]}}